{"id":663,"date":"2021-12-18T00:33:27","date_gmt":"2021-12-18T00:33:27","guid":{"rendered":"https:\/\/asociacionlatinoamericanadeantropologia.net\/portal\/?page_id=663"},"modified":"2022-05-04T15:15:49","modified_gmt":"2022-05-04T15:15:49","slug":"sobre-ala-y-sus-asociaciones","status":"publish","type":"page","link":"https:\/\/asociacionlatinoamericanadeantropologia.net\/portal\/sobre-ala-y-sus-asociaciones\/","title":{"rendered":"Sobre ALA y sus asociaciones miembros"},"content":{"rendered":"<h2><strong>Publicaciones sobre ALA<\/strong><\/h2>\n<p><a href=\"https:\/\/asociacionlatinoamericanadeantropologia.net\/portal\/wp-content\/uploads\/2018\/09\/ALA-Laura_Valladares_de_la_Cruz.pdf\" target=\"_blank\" rel=\"noopener\">Valladares de la Cruz, Laura. Repensar y enlazar las antropolog\u00edas de Am\u00e9rica Latina desde la Asociaci\u00f3n Latinoamericana de Antropolog\u00eda (1990-2016)<\/a>. Publicado en el Bolet\u00edn Colegio de Etn\u00f3logos y Antropol\u00f3gos Sociales, A.C. Los debates hist\u00f3ricos sobre las antropolog\u00edas latinoamericanas. 40 aniversario del CEAS 2016.<\/p>\n<h2><strong>Publicaciones sobre las organizaciones miembros de ALA<\/strong><\/h2>\n<p>Ferrero, L\u00eda. <a href=\"https:\/\/asociacionlatinoamericanadeantropologia.net\/revistas\/index.php\/plural\/article\/view\/16\" target=\"_blank\" rel=\"noopener\">El Colegio de Graduados en Antropolog\u00eda de la Rep\u00fablica de Argentina: pasado, presente y perspectiva futura.<\/a> Publicado en la revista Plural. Antropolog\u00edas desde Am\u00e9rica Latina y del Caribe, de la ala, n\u00famero 1, p\u00e1gs. 13-20.<\/p>\n","protected":false},"excerpt":{"rendered":"<p>Publicaciones sobre ALA Valladares de la Cruz, Laura. Repensar y enlazar las antropolog\u00edas de Am\u00e9rica Latina desde la Asociaci\u00f3n Latinoamericana de Antropolog\u00eda (1990-2016). Publicado en el Bolet\u00edn Colegio de Etn\u00f3logos y Antropol\u00f3gos Sociales, A.C. Los debates hist\u00f3ricos sobre las antropolog\u00edas latinoamericanas. 40 aniversario del CEAS 2016. Publicaciones sobre las organizaciones miembros de ALA Ferrero, L\u00eda. &hellip;<\/p>\n<p class=\"read-more\"> <a class=\"\" href=\"https:\/\/asociacionlatinoamericanadeantropologia.net\/portal\/sobre-ala-y-sus-asociaciones\/\"> <span class=\"screen-reader-text\">Sobre ALA y sus asociaciones miembros<\/span> Leer m\u00e1s &raquo;<\/a><\/p>\n","protected":false},"author":2,"featured_media":0,"parent":0,"menu_order":0,"comment_status":"closed","ping_status":"closed","template":"","meta":{"site-sidebar-layout":"default","site-content-layout":"default","ast-main-header-display":"","ast-hfb-above-header-display":"","ast-hfb-below-header-display":"","ast-hfb-mobile-header-display":"","site-post-title":"","ast-breadcrumbs-content":"","ast-featured-img":"","footer-sml-layout":"","theme-transparent-header-meta":"default","adv-header-id-meta":"","stick-header-meta":"","header-above-stick-meta":"","header-main-stick-meta":"","header-below-stick-meta":"","footnotes":""},"categories":[],"tags":[],"class_list":["post-663","page","type-page","status-publish","hentry"],"_links":{"self":[{"href":"https:\/\/asociacionlatinoamericanadeantropologia.net\/portal\/wp-json\/wp\/v2\/pages\/663","targetHints":{"allow":["GET"]}}],"collection":[{"href":"https:\/\/asociacionlatinoamericanadeantropologia.net\/portal\/wp-json\/wp\/v2\/pages"}],"about":[{"href":"https:\/\/asociacionlatinoamericanadeantropologia.net\/portal\/wp-json\/wp\/v2\/types\/page"}],"author":[{"embeddable":true,"href":"https:\/\/asociacionlatinoamericanadeantropologia.net\/portal\/wp-json\/wp\/v2\/users\/2"}],"replies":[{"embeddable":true,"href":"https:\/\/asociacionlatinoamericanadeantropologia.net\/portal\/wp-json\/wp\/v2\/comments?post=663"}],"version-history":[{"count":9,"href":"https:\/\/asociacionlatinoamericanadeantropologia.net\/portal\/wp-json\/wp\/v2\/pages\/663\/revisions"}],"predecessor-version":[{"id":1629,"href":"https:\/\/asociacionlatinoamericanadeantropologia.net\/portal\/wp-json\/wp\/v2\/pages\/663\/revisions\/1629"}],"wp:attachment":[{"href":"https:\/\/asociacionlatinoamericanadeantropologia.net\/portal\/wp-json\/wp\/v2\/media?parent=663"}],"wp:term":[{"taxonomy":"category","embeddable":true,"href":"https:\/\/asociacionlatinoamericanadeantropologia.net\/portal\/wp-json\/wp\/v2\/categories?post=663"},{"taxonomy":"post_tag","embeddable":true,"href":"https:\/\/asociacionlatinoamericanadeantropologia.net\/portal\/wp-json\/wp\/v2\/tags?post=663"}],"curies":[{"name":"wp","href":"https:\/\/api.w.org\/{rel}","templated":true}]}}