{"id":670,"date":"2021-12-18T00:48:16","date_gmt":"2021-12-18T00:48:16","guid":{"rendered":"https:\/\/asociacionlatinoamericanadeantropologia.net\/portal\/?page_id=670"},"modified":"2022-06-20T12:57:49","modified_gmt":"2022-06-20T12:57:49","slug":"religiones-espiritualidades-y-cosmopoliticas-en-america-latina","status":"publish","type":"page","link":"https:\/\/asociacionlatinoamericanadeantropologia.net\/portal\/religiones-espiritualidades-y-cosmopoliticas-en-america-latina\/","title":{"rendered":"GT Religiones, espiritualidades y cosmopol\u00edticas en Am\u00e9rica Latina"},"content":{"rendered":"<p>El GT Religiones, espiritualidades y cosmopol\u00edticas en Am\u00e9rica Latina est\u00e1 coordinado por <a href=\"mailto:juanscuro@gmail.com\" target=\"_blank\" rel=\"noopener\">Juan Scuro<\/a>, <a href=\"mailto:nicolas.viotti@gmail.com\" target=\"_blank\" rel=\"noopener\">Nicol\u00e1s Viotti<\/a>, <a href=\"mailto:emerson.giumbelli@yahoo.com.br\" target=\"_blank\" rel=\"noopener\">Emerson Giumbelli<\/a> y <a href=\"mailto:alhenauta@gmail.com\" target=\"_blank\" rel=\"noopener\">Alhena\u00a0Caicedo<\/a><\/p>\n<p><strong>Presentaci\u00f3n<\/strong><\/p>\n<p>Siguiendo la larga tradici\u00f3n de pensamiento cr\u00edtico de nuestro continente, este Grupo de Trabajo reflexionar\u00e1 sobre lo religioso en su interconexi\u00f3n con los procesos sociopol\u00edticos regionales y globales. As\u00ed, existen procesos cruciales que conectan lo religioso con lo pol\u00edtico que ser\u00e1n objeto de reflexi\u00f3n antropol\u00f3gica y etnogr\u00e1fica regional. Entre ellos incluiremos el an\u00e1lisis comparado de los espacios religiosos neoconservadores y las conexiones entre religi\u00f3n\/espiritualidad y movimientos de expansi\u00f3n de derechos.<\/p>\n<p>La conformaci\u00f3n de este Grupo de Trabajo apunta a poner en di\u00e1logo este abanico de posibles formas de manifestaci\u00f3n de lo religioso. Las ciencias sociales de la religi\u00f3n en Am\u00e9rica Latina muestran una larga y contundente presencia de la antropolog\u00eda en sus debates y reflexiones. Sin embargo, perspectivas m\u00e1s institucionalistas sobre la religi\u00f3n acaban siendo muchas veces las m\u00e1s visibles. Lejos de plantear disputas disciplinares inf\u00e9rtiles, pretendemos poder acercar a las ciencias sociales de la religi\u00f3n en Am\u00e9rica Latina lo mejor de la vasta reflexi\u00f3n antropol\u00f3gica y, en el mismo movimiento, contribuir con nuevas posibilidades anal\u00edticas al interior de la antropolog\u00eda de la religi\u00f3n. Para ello nos proponemos pensar la religi\u00f3n m\u00e1s all\u00e1 \u0301de la religi\u00f3n, es decir, buscarla y analizarla en las pr\u00e1cticas habituales y cotidianas.<\/p>\n<p>As\u00ed, el inter\u00e9s de este Grupo de Trabajo se centrar\u00e1 en articular miradas comparativas acerca de c\u00f3mo la religiosidad se manifiesta en los cuerpos, redefine territorios, est\u00e1 presente en movimientos sociales, en las perspectivas de las ONG, en las pol\u00edticas p\u00fablicas, en los procesos de autoidentificaci\u00f3n \u00e9tnica, producci\u00f3n de relaciones de clase, generaci\u00f3n, g\u00e9nero, y tambi\u00e9n en una reflexi\u00f3n sobre el estatuto epistemol\u00f3gico y ontol\u00f3gico de lo religioso\/espiritual en la producci\u00f3n de diferencias.<\/p>\n","protected":false},"excerpt":{"rendered":"<p>El GT Religiones, espiritualidades y cosmopol\u00edticas en Am\u00e9rica Latina est\u00e1 coordinado por Juan Scuro, Nicol\u00e1s Viotti, Emerson Giumbelli y Alhena\u00a0Caicedo Presentaci\u00f3n Siguiendo la larga tradici\u00f3n de pensamiento cr\u00edtico de nuestro continente, este Grupo de Trabajo reflexionar\u00e1 sobre lo religioso en su interconexi\u00f3n con los procesos sociopol\u00edticos regionales y globales. As\u00ed, existen procesos cruciales que conectan &hellip;<\/p>\n<p class=\"read-more\"> <a class=\"\" href=\"https:\/\/asociacionlatinoamericanadeantropologia.net\/portal\/religiones-espiritualidades-y-cosmopoliticas-en-america-latina\/\"> <span class=\"screen-reader-text\">GT Religiones, espiritualidades y cosmopol\u00edticas en Am\u00e9rica Latina<\/span> Leer m\u00e1s &raquo;<\/a><\/p>\n","protected":false},"author":2,"featured_media":0,"parent":0,"menu_order":0,"comment_status":"closed","ping_status":"closed","template":"","meta":{"site-sidebar-layout":"default","site-content-layout":"default","ast-main-header-display":"","ast-hfb-above-header-display":"","ast-hfb-below-header-display":"","ast-hfb-mobile-header-display":"","site-post-title":"","ast-breadcrumbs-content":"","ast-featured-img":"","footer-sml-layout":"","theme-transparent-header-meta":"default","adv-header-id-meta":"","stick-header-meta":"","header-above-stick-meta":"","header-main-stick-meta":"","header-below-stick-meta":"","footnotes":""},"categories":[8],"tags":[],"class_list":["post-670","page","type-page","status-publish","hentry","category-grupos-de-trabajo"],"_links":{"self":[{"href":"https:\/\/asociacionlatinoamericanadeantropologia.net\/portal\/wp-json\/wp\/v2\/pages\/670","targetHints":{"allow":["GET"]}}],"collection":[{"href":"https:\/\/asociacionlatinoamericanadeantropologia.net\/portal\/wp-json\/wp\/v2\/pages"}],"about":[{"href":"https:\/\/asociacionlatinoamericanadeantropologia.net\/portal\/wp-json\/wp\/v2\/types\/page"}],"author":[{"embeddable":true,"href":"https:\/\/asociacionlatinoamericanadeantropologia.net\/portal\/wp-json\/wp\/v2\/users\/2"}],"replies":[{"embeddable":true,"href":"https:\/\/asociacionlatinoamericanadeantropologia.net\/portal\/wp-json\/wp\/v2\/comments?post=670"}],"version-history":[{"count":5,"href":"https:\/\/asociacionlatinoamericanadeantropologia.net\/portal\/wp-json\/wp\/v2\/pages\/670\/revisions"}],"predecessor-version":[{"id":1888,"href":"https:\/\/asociacionlatinoamericanadeantropologia.net\/portal\/wp-json\/wp\/v2\/pages\/670\/revisions\/1888"}],"wp:attachment":[{"href":"https:\/\/asociacionlatinoamericanadeantropologia.net\/portal\/wp-json\/wp\/v2\/media?parent=670"}],"wp:term":[{"taxonomy":"category","embeddable":true,"href":"https:\/\/asociacionlatinoamericanadeantropologia.net\/portal\/wp-json\/wp\/v2\/categories?post=670"},{"taxonomy":"post_tag","embeddable":true,"href":"https:\/\/asociacionlatinoamericanadeantropologia.net\/portal\/wp-json\/wp\/v2\/tags?post=670"}],"curies":[{"name":"wp","href":"https:\/\/api.w.org\/{rel}","templated":true}]}}