{"id":679,"date":"2021-12-18T00:59:28","date_gmt":"2021-12-18T00:59:28","guid":{"rendered":"https:\/\/asociacionlatinoamericanadeantropologia.net\/portal\/?page_id=679"},"modified":"2024-03-26T13:55:32","modified_gmt":"2024-03-26T13:55:32","slug":"familia-y-parentesco-en-america-latina-practicas-y-logicas-culturales","status":"publish","type":"page","link":"https:\/\/asociacionlatinoamericanadeantropologia.net\/portal\/familia-y-parentesco-en-america-latina-practicas-y-logicas-culturales\/","title":{"rendered":"GT Familia y parentesco en Am\u00e9rica Latina: pr\u00e1cticas y l\u00f3gicas culturales"},"content":{"rendered":"<p>El GT Familia y parentesco en Am\u00e9rica Latina: pr\u00e1cticas y l\u00f3gicas culturales est\u00e1 coordinado por Juan Pablo Ferreiro, Javier Serrano y <a href=\"mailto:davidrobichaux@hotmail.com\" target=\"_blank\" rel=\"noopener\">David Robichaux<\/a><\/p>\n<p><strong>Presentaci\u00f3n<\/strong><\/p>\n<p>Este GT tiene como objetivo principal revitalizar los estudios de parentesco en la antropolog\u00eda latinoamericana, poniendo el acento en las pr\u00e1cticas y las relaciones sociales e incorporando crucialmente a la familia residencial o grupo dom\u00e9stico como unidad de an\u00e1lisis. Sobre esta base, aspira a convertirse en un referente en los debates vinculados al parentesco en antropolog\u00eda, as\u00ed como en las discusiones sobre la familia residencial entre antrop\u00f3logos, soci\u00f3logos, dem\u00f3grafos e historiadores. Quienes postulamos este Grupo de Trabajo consideramos al m\u00e9todo etnogr\u00e1fico como una herramienta propia de la disciplina antropol\u00f3gica que resulta especialmente oportuna para el conocimiento de los entornos socioculturales latinoamericanos, a la vez que resulta ndispensable para una comprensi\u00f3n profunda de nuestras sociedades. A su vez, alentamos el di\u00e1logo con otras disciplinas con intereses afines. El GT, a trav\u00e9s de sus actividades principales que son un Seminario Permanente, talleres de diversas t\u00e9cnicas para investigar la familia y parentesco, publicaciones y reuniones en el marco de los congresos de ALA y otras instancias, pretende ejercer liderazgo y atraer a j\u00f3venes antrop\u00f3logos hacia estos temas y, en forma alternativa, animarlos a incorporar la dimensi\u00f3n parental en otros t\u00f3picos de investigaci\u00f3n en los que est\u00e9n involucrados.<\/p>\n<h3>Informes del GT<\/h3>\n<p><a href=\"https:\/\/asociacionlatinoamericanadeantropologia.net\/portal\/wp-content\/uploads\/2022\/10\/Informe-GT-Familia-Parentesco.pdf\"><strong>Informe de actividades 2021-2022<\/strong><\/a><\/p>\n<a href=\"https:\/\/asociacionlatinoamericanadeantropologia.net\/portal\/wp-content\/uploads\/2022\/10\/Informe-GT-Familia-Parentesco.pdf\" class=\"pdfemb-viewer\" style=\"width:450px;height:580px;\" data-width=\"450\" data-height=\"580\" data-toolbar=\"both\" data-toolbar-fixed=\"on\">Informe GT Familia y Parentesco<\/a>\n<p>&nbsp;<\/p>\n<p><a href=\"https:\/\/asociacionlatinoamericanadeantropologia.net\/portal\/wp-content\/uploads\/2024\/03\/GT6-IA-2023.pdf\" target=\"_blank\" rel=\"noopener\"><strong>Informe de actividades 2023<\/strong><\/a><\/p>\n<a href=\"https:\/\/asociacionlatinoamericanadeantropologia.net\/portal\/wp-content\/uploads\/2024\/03\/GT6-IA-2023.pdf\" class=\"pdfemb-viewer\" style=\"width:450px;height:580px;\" data-width=\"450\" data-height=\"580\" data-toolbar=\"both\" data-toolbar-fixed=\"on\">Informe GT Familia y Parentesco 2023<\/a>\n","protected":false},"excerpt":{"rendered":"<p>El GT Familia y parentesco en Am\u00e9rica Latina: pr\u00e1cticas y l\u00f3gicas culturales est\u00e1 coordinado por Juan Pablo Ferreiro, Javier Serrano y David Robichaux Presentaci\u00f3n Este GT tiene como objetivo principal revitalizar los estudios de parentesco en la antropolog\u00eda latinoamericana, poniendo el acento en las pr\u00e1cticas y las relaciones sociales e incorporando crucialmente a la familia &hellip;<\/p>\n<p class=\"read-more\"> <a class=\"\" href=\"https:\/\/asociacionlatinoamericanadeantropologia.net\/portal\/familia-y-parentesco-en-america-latina-practicas-y-logicas-culturales\/\"> <span class=\"screen-reader-text\">GT Familia y parentesco en Am\u00e9rica Latina: pr\u00e1cticas y l\u00f3gicas culturales<\/span> Leer m\u00e1s &raquo;<\/a><\/p>\n","protected":false},"author":2,"featured_media":0,"parent":0,"menu_order":0,"comment_status":"closed","ping_status":"closed","template":"","meta":{"site-sidebar-layout":"default","site-content-layout":"default","ast-main-header-display":"","ast-hfb-above-header-display":"","ast-hfb-below-header-display":"","ast-hfb-mobile-header-display":"","site-post-title":"","ast-breadcrumbs-content":"","ast-featured-img":"","footer-sml-layout":"","theme-transparent-header-meta":"default","adv-header-id-meta":"","stick-header-meta":"","header-above-stick-meta":"","header-main-stick-meta":"","header-below-stick-meta":"","footnotes":""},"categories":[8],"tags":[],"class_list":["post-679","page","type-page","status-publish","hentry","category-grupos-de-trabajo"],"_links":{"self":[{"href":"https:\/\/asociacionlatinoamericanadeantropologia.net\/portal\/wp-json\/wp\/v2\/pages\/679","targetHints":{"allow":["GET"]}}],"collection":[{"href":"https:\/\/asociacionlatinoamericanadeantropologia.net\/portal\/wp-json\/wp\/v2\/pages"}],"about":[{"href":"https:\/\/asociacionlatinoamericanadeantropologia.net\/portal\/wp-json\/wp\/v2\/types\/page"}],"author":[{"embeddable":true,"href":"https:\/\/asociacionlatinoamericanadeantropologia.net\/portal\/wp-json\/wp\/v2\/users\/2"}],"replies":[{"embeddable":true,"href":"https:\/\/asociacionlatinoamericanadeantropologia.net\/portal\/wp-json\/wp\/v2\/comments?post=679"}],"version-history":[{"count":9,"href":"https:\/\/asociacionlatinoamericanadeantropologia.net\/portal\/wp-json\/wp\/v2\/pages\/679\/revisions"}],"predecessor-version":[{"id":3572,"href":"https:\/\/asociacionlatinoamericanadeantropologia.net\/portal\/wp-json\/wp\/v2\/pages\/679\/revisions\/3572"}],"wp:attachment":[{"href":"https:\/\/asociacionlatinoamericanadeantropologia.net\/portal\/wp-json\/wp\/v2\/media?parent=679"}],"wp:term":[{"taxonomy":"category","embeddable":true,"href":"https:\/\/asociacionlatinoamericanadeantropologia.net\/portal\/wp-json\/wp\/v2\/categories?post=679"},{"taxonomy":"post_tag","embeddable":true,"href":"https:\/\/asociacionlatinoamericanadeantropologia.net\/portal\/wp-json\/wp\/v2\/tags?post=679"}],"curies":[{"name":"wp","href":"https:\/\/api.w.org\/{rel}","templated":true}]}}