{"id":681,"date":"2021-12-18T01:00:57","date_gmt":"2021-12-18T01:00:57","guid":{"rendered":"https:\/\/asociacionlatinoamericanadeantropologia.net\/portal\/?page_id=681"},"modified":"2022-06-20T13:01:37","modified_gmt":"2022-06-20T13:01:37","slug":"redes-de-interaprendizaje-nuevas-cartografias-interculturales-y-algunas-propuestas-de-transformacion-epistemologica","status":"publish","type":"page","link":"https:\/\/asociacionlatinoamericanadeantropologia.net\/portal\/redes-de-interaprendizaje-nuevas-cartografias-interculturales-y-algunas-propuestas-de-transformacion-epistemologica\/","title":{"rendered":"GT Redes de interaprendizaje: nuevas cartograf\u00edas interculturales y algunas propuestas de transformaci\u00f3n epistemol\u00f3gica"},"content":{"rendered":"<p>El GT Redes de interaprendizaje: nuevas cartograf\u00edas interculturales y algunas propuestas de transformaci\u00f3n epistemol\u00f3gica es coordinado por <a href=\"mailto:baezmariano@gmail.com\" target=\"_blank\" rel=\"noopener\">Mariano B\u00e1ez Landa<\/a> y <a href=\"mailto:alexandre_herbetta@yahoo.com.br\" target=\"_blank\" rel=\"noopener\">Alexandre Ferraz Herbetta<\/a><\/p>\n<p><strong>Presentaci\u00f3n<\/strong><\/p>\n<p>La propuesta aqu\u00ed presentada es en s\u00ed misma el resultado de una red de colaboraci\u00f3n, aproximaci\u00f3n y amistad formada por docentes y estudiantes, ind\u00edgenas y no ind\u00edgenas, l\u00edderes y activistas vinculados al debate y la acci\u00f3n en los campos de la interculturalidad cr\u00edtica, en los procesos contra la colonizaci\u00f3n y la consolidaci\u00f3n de metodolog\u00edas participativas en Am\u00e9rica Latina. Tr\u00e1tase de un bello proceso de interaprendizaje.<\/p>\n<p>Buscamos reunir aqu\u00ed a un grupo de investigadores que contribuyan a la constituci\u00f3n de una cartograf\u00eda de la interculturalidad latinoamericana, entrelazada por proyectos educativos y comunicativos que surgen en contextos inter\u00e9tnicos e interculturales, que abordan colectivamente temas como la diferencia, la colonialidad, la violencia, el bienestar, derecho y autonom\u00eda, relacionados con aspectos pol\u00edticos, filos\u00f3ficos, epist\u00e9micos, ontol\u00f3gicos y pedag\u00f3gicos.<\/p>\n","protected":false},"excerpt":{"rendered":"<p>El GT Redes de interaprendizaje: nuevas cartograf\u00edas interculturales y algunas propuestas de transformaci\u00f3n epistemol\u00f3gica es coordinado por Mariano B\u00e1ez Landa y Alexandre Ferraz Herbetta Presentaci\u00f3n La propuesta aqu\u00ed presentada es en s\u00ed misma el resultado de una red de colaboraci\u00f3n, aproximaci\u00f3n y amistad formada por docentes y estudiantes, ind\u00edgenas y no ind\u00edgenas, l\u00edderes y activistas &hellip;<\/p>\n<p class=\"read-more\"> <a class=\"\" href=\"https:\/\/asociacionlatinoamericanadeantropologia.net\/portal\/redes-de-interaprendizaje-nuevas-cartografias-interculturales-y-algunas-propuestas-de-transformacion-epistemologica\/\"> <span class=\"screen-reader-text\">GT Redes de interaprendizaje: nuevas cartograf\u00edas interculturales y algunas propuestas de transformaci\u00f3n epistemol\u00f3gica<\/span> Leer m\u00e1s &raquo;<\/a><\/p>\n","protected":false},"author":2,"featured_media":0,"parent":0,"menu_order":0,"comment_status":"closed","ping_status":"closed","template":"","meta":{"site-sidebar-layout":"default","site-content-layout":"default","ast-main-header-display":"","ast-hfb-above-header-display":"","ast-hfb-below-header-display":"","ast-hfb-mobile-header-display":"","site-post-title":"","ast-breadcrumbs-content":"","ast-featured-img":"","footer-sml-layout":"","theme-transparent-header-meta":"default","adv-header-id-meta":"","stick-header-meta":"","header-above-stick-meta":"","header-main-stick-meta":"","header-below-stick-meta":"","footnotes":""},"categories":[8],"tags":[],"class_list":["post-681","page","type-page","status-publish","hentry","category-grupos-de-trabajo"],"_links":{"self":[{"href":"https:\/\/asociacionlatinoamericanadeantropologia.net\/portal\/wp-json\/wp\/v2\/pages\/681","targetHints":{"allow":["GET"]}}],"collection":[{"href":"https:\/\/asociacionlatinoamericanadeantropologia.net\/portal\/wp-json\/wp\/v2\/pages"}],"about":[{"href":"https:\/\/asociacionlatinoamericanadeantropologia.net\/portal\/wp-json\/wp\/v2\/types\/page"}],"author":[{"embeddable":true,"href":"https:\/\/asociacionlatinoamericanadeantropologia.net\/portal\/wp-json\/wp\/v2\/users\/2"}],"replies":[{"embeddable":true,"href":"https:\/\/asociacionlatinoamericanadeantropologia.net\/portal\/wp-json\/wp\/v2\/comments?post=681"}],"version-history":[{"count":3,"href":"https:\/\/asociacionlatinoamericanadeantropologia.net\/portal\/wp-json\/wp\/v2\/pages\/681\/revisions"}],"predecessor-version":[{"id":1894,"href":"https:\/\/asociacionlatinoamericanadeantropologia.net\/portal\/wp-json\/wp\/v2\/pages\/681\/revisions\/1894"}],"wp:attachment":[{"href":"https:\/\/asociacionlatinoamericanadeantropologia.net\/portal\/wp-json\/wp\/v2\/media?parent=681"}],"wp:term":[{"taxonomy":"category","embeddable":true,"href":"https:\/\/asociacionlatinoamericanadeantropologia.net\/portal\/wp-json\/wp\/v2\/categories?post=681"},{"taxonomy":"post_tag","embeddable":true,"href":"https:\/\/asociacionlatinoamericanadeantropologia.net\/portal\/wp-json\/wp\/v2\/tags?post=681"}],"curies":[{"name":"wp","href":"https:\/\/api.w.org\/{rel}","templated":true}]}}