{"id":685,"date":"2021-12-18T01:05:43","date_gmt":"2021-12-18T01:05:43","guid":{"rendered":"https:\/\/asociacionlatinoamericanadeantropologia.net\/portal\/?page_id=685"},"modified":"2024-12-13T17:20:58","modified_gmt":"2024-12-13T17:20:58","slug":"antropologia-en-lo-urbano-etnografia-en-las-ciudades","status":"publish","type":"page","link":"https:\/\/asociacionlatinoamericanadeantropologia.net\/portal\/antropologia-en-lo-urbano-etnografia-en-las-ciudades\/","title":{"rendered":"GT Antropolog\u00eda en lo urbano, etnograf\u00eda en las ciudades"},"content":{"rendered":"<p>El GT Antropolog\u00eda en lo urbano, etnograf\u00eda en las ciudades es coordinado por Francisca M\u00e1rquez, Florencia Girola y Jos\u00e9 Luis \u00c1balos Junior<\/p>\n<p><strong>Presentaci\u00f3n<\/strong><\/p>\n<p>La investigaci\u00f3n antropol\u00f3gica en las l\u00edneas de la antropolog\u00eda urbana y etnograf\u00eda en la ciudad tiene una fuerte tradici\u00f3n en el contexto latinoamericano. Atravesada por diversos conceptos y aportes te\u00f3ricos, esta \u00e1rea de conocimiento tiene una s\u00f3lida producci\u00f3n cient\u00edfica, que caracteriza a una comunidad interpretativa formada por antrop\u00f3logas y antrop\u00f3logos en Am\u00e9rica Latina.<\/p>\n<p>Tomando como punto de partida este piso de experiencias, el objetivo general de este Grupo de Trabajo ALA es consolidar una red latinoamericana de investigadores e investigadoras sobre las ciudades y lo urbano que funcione como una plataforma para potenciar la producci\u00f3n y el intercambio colectivo, as\u00ed como para consolidar y difundir una tradici\u00f3n latinoamericana de reflexi\u00f3n sobre el urbanismo.<\/p>\n<p>Con miras a alcanzar este objetivo, los objetivos espec\u00edficos que se propone este Grupo de\u00a0Trabajo ALA son:<\/p>\n<ol>\n<li>Desarrollar un mapeo bibliogr\u00e1fico de estudios de antropolog\u00eda en contextos urbanos de Am\u00e9rica Latina, como medio para disolver o minimizar los obst\u00e1culos a\u00fan vigentes para la circulaci\u00f3n de libros y publicaciones entre pa\u00edses y ciudades de la regi\u00f3n.<\/li>\n<li>Desarrollar un mapeo del campo conceptual que sustenta estos estudios con el objetivo de delinear las principales influencias en los estudios de antropolog\u00eda urbana en Am\u00e9rica Latina.<\/li>\n<li>Relevar y reflexionar sobre metodolog\u00edas que apoyan la investigaci\u00f3n etnogr\u00e1fica en contextos urbanos m\u00e1s all\u00e1 de las t\u00e9cnicas tradicionales de la profesi\u00f3n antropol\u00f3gica como la observaci\u00f3n, interacci\u00f3n y entrevistas difundidas por la escritura etnogr\u00e1fica.<\/li>\n<\/ol>\n<h3>Informes del GT<\/h3>\n<p><a href=\"https:\/\/asociacionlatinoamericanadeantropologia.net\/portal\/wp-content\/uploads\/2022\/10\/Informe-GT-Antropologia-en-lo-Urbano.pdf\"><strong>Informe de actividades 2021-2022<\/strong><\/a><\/p>\n<a href=\"https:\/\/asociacionlatinoamericanadeantropologia.net\/portal\/wp-content\/uploads\/2022\/10\/Informe-GT-Antropologia-en-lo-Urbano.pdf\" class=\"pdfemb-viewer\" style=\"width:450px;height:580px;\" data-width=\"450\" data-height=\"580\" data-toolbar=\"both\" data-toolbar-fixed=\"on\">Informe GT Antropolog\u00eda en lo Urbano<\/a>\n<p>&nbsp;<\/p>\n<p><a href=\"https:\/\/asociacionlatinoamericanadeantropologia.net\/portal\/wp-content\/uploads\/2024\/03\/GT9-IA-2023.pdf\" target=\"_blank\" rel=\"noopener\"><strong>Informe de actividades 2023<\/strong><\/a><\/p>\n<a href=\"https:\/\/asociacionlatinoamericanadeantropologia.net\/portal\/wp-content\/uploads\/2024\/03\/GT9-IA-2023.pdf\" class=\"pdfemb-viewer\" style=\"width:450px;height:580px;\" data-width=\"450\" data-height=\"580\" data-toolbar=\"both\" data-toolbar-fixed=\"on\">Informe GT Antropolog\u00eda en lo Urbano 2023<\/a>\n","protected":false},"excerpt":{"rendered":"<p>El GT Antropolog\u00eda en lo urbano, etnograf\u00eda en las ciudades es coordinado por Francisca M\u00e1rquez, Florencia Girola y Jos\u00e9 Luis \u00c1balos Junior Presentaci\u00f3n La investigaci\u00f3n antropol\u00f3gica en las l\u00edneas de la antropolog\u00eda urbana y etnograf\u00eda en la ciudad tiene una fuerte tradici\u00f3n en el contexto latinoamericano. Atravesada por diversos conceptos y aportes te\u00f3ricos, esta \u00e1rea &hellip;<\/p>\n<p class=\"read-more\"> <a class=\"\" href=\"https:\/\/asociacionlatinoamericanadeantropologia.net\/portal\/antropologia-en-lo-urbano-etnografia-en-las-ciudades\/\"> <span class=\"screen-reader-text\">GT Antropolog\u00eda en lo urbano, etnograf\u00eda en las ciudades<\/span> Leer m\u00e1s &raquo;<\/a><\/p>\n","protected":false},"author":2,"featured_media":0,"parent":0,"menu_order":0,"comment_status":"closed","ping_status":"closed","template":"","meta":{"site-sidebar-layout":"default","site-content-layout":"default","ast-main-header-display":"","ast-hfb-above-header-display":"","ast-hfb-below-header-display":"","ast-hfb-mobile-header-display":"","site-post-title":"","ast-breadcrumbs-content":"","ast-featured-img":"","footer-sml-layout":"","theme-transparent-header-meta":"default","adv-header-id-meta":"","stick-header-meta":"","header-above-stick-meta":"","header-main-stick-meta":"","header-below-stick-meta":"","footnotes":""},"categories":[8],"tags":[],"class_list":["post-685","page","type-page","status-publish","hentry","category-grupos-de-trabajo"],"_links":{"self":[{"href":"https:\/\/asociacionlatinoamericanadeantropologia.net\/portal\/wp-json\/wp\/v2\/pages\/685","targetHints":{"allow":["GET"]}}],"collection":[{"href":"https:\/\/asociacionlatinoamericanadeantropologia.net\/portal\/wp-json\/wp\/v2\/pages"}],"about":[{"href":"https:\/\/asociacionlatinoamericanadeantropologia.net\/portal\/wp-json\/wp\/v2\/types\/page"}],"author":[{"embeddable":true,"href":"https:\/\/asociacionlatinoamericanadeantropologia.net\/portal\/wp-json\/wp\/v2\/users\/2"}],"replies":[{"embeddable":true,"href":"https:\/\/asociacionlatinoamericanadeantropologia.net\/portal\/wp-json\/wp\/v2\/comments?post=685"}],"version-history":[{"count":8,"href":"https:\/\/asociacionlatinoamericanadeantropologia.net\/portal\/wp-json\/wp\/v2\/pages\/685\/revisions"}],"predecessor-version":[{"id":4100,"href":"https:\/\/asociacionlatinoamericanadeantropologia.net\/portal\/wp-json\/wp\/v2\/pages\/685\/revisions\/4100"}],"wp:attachment":[{"href":"https:\/\/asociacionlatinoamericanadeantropologia.net\/portal\/wp-json\/wp\/v2\/media?parent=685"}],"wp:term":[{"taxonomy":"category","embeddable":true,"href":"https:\/\/asociacionlatinoamericanadeantropologia.net\/portal\/wp-json\/wp\/v2\/categories?post=685"},{"taxonomy":"post_tag","embeddable":true,"href":"https:\/\/asociacionlatinoamericanadeantropologia.net\/portal\/wp-json\/wp\/v2\/tags?post=685"}],"curies":[{"name":"wp","href":"https:\/\/api.w.org\/{rel}","templated":true}]}}