{"id":688,"date":"2021-12-18T01:06:50","date_gmt":"2021-12-18T01:06:50","guid":{"rendered":"https:\/\/asociacionlatinoamericanadeantropologia.net\/portal\/?page_id=688"},"modified":"2024-03-26T14:05:12","modified_gmt":"2024-03-26T14:05:12","slug":"antropologia-de-la-biopolitica-etnografias-colaborativas","status":"publish","type":"page","link":"https:\/\/asociacionlatinoamericanadeantropologia.net\/portal\/antropologia-de-la-biopolitica-etnografias-colaborativas\/","title":{"rendered":"GT Antropolog\u00eda de la biopol\u00edtica: etnograf\u00edas colaborativas"},"content":{"rendered":"<p>El GT Antropolog\u00eda de la biopolitica: etnografias colaborativas es coordinado por <a href=\"mailto:katzerleticia2019@gmail.com\" target=\"_blank\" rel=\"noopener\">Leticia Katzer<\/a><\/p>\n<p><strong>Presentaci\u00f3n<\/strong><\/p>\n<p>Este grupo se centra en torno a las siguientes l\u00edneas de investigaci\u00f3n:<\/p>\n<ol>\n<li>Poscolonialismo como movimiento intelectual y pol\u00edtico.<\/li>\n<li>Biopol\u00edticas en plural: distintas formas de teorizaci\u00f3n y pr\u00e1cticas etnogr\u00e1ficas.<\/li>\n<li>\u201cColaboraci\u00f3n\u201d como proceso de producci\u00f3n de saber.<\/li>\n<li>\u201cColaboraci\u00f3n\u201d como articulaci\u00f3n interinstitucional y proceso pol\u00edtico.<\/li>\n<\/ol>\n<p>Se propone como objetivos:<\/p>\n<ol>\n<li>Analizar c\u00f3mo las genealog\u00edas te\u00f3ricas se inscriben en el campo de la teor\u00eda de la diversidad, de la comunidad y del sujeto contempor\u00e1neo.<\/li>\n<li>Discutir el potencial anal\u00edtico de teor\u00edas decoloniales, poscoloniales y estudios subalternos en articulaci\u00f3n con la cr\u00edtica geneal\u00f3gica de la gubernamentalidad.<\/li>\n<li>Pensar cr\u00edticamente las gubernamentalidades estatales y las pr\u00e1cticas de subjetivaci\u00f3n, incluidas las acad\u00e9micas\/cient\u00edficas.<\/li>\n<li>Articular registros situacionales nacionales y regionales para la reflexi\u00f3n de la propia pr\u00e1ctica y teor\u00eda etnogr\u00e1fica<\/li>\n<\/ol>\n<h3>Informes del GT<\/h3>\n<p><a href=\"https:\/\/asociacionlatinoamericanadeantropologia.net\/portal\/wp-content\/uploads\/2022\/10\/Informe-GT-Antropologia-de-la-Biopolitica-Etnografias-Colaborativas-1.pdf\"><strong>Informe de actividades 2021-2022<\/strong><\/a><\/p>\n<a href=\"https:\/\/asociacionlatinoamericanadeantropologia.net\/portal\/wp-content\/uploads\/2022\/10\/Informe-GT-Antropologia-de-la-Biopolitica-Etnografias-Colaborativas-1.pdf\" class=\"pdfemb-viewer\" style=\"width:450px;height:580px;\" data-width=\"450\" data-height=\"580\" data-toolbar=\"both\" data-toolbar-fixed=\"on\">Informe GT Antropolog\u00eda de la Biopol\u00edtica Etnograf\u00edas Colaborativas (1)<\/a>\n<p>&nbsp;<\/p>\n<p><a href=\"https:\/\/asociacionlatinoamericanadeantropologia.net\/portal\/wp-content\/uploads\/2024\/03\/GT10-IA-2023.pdf\" target=\"_blank\" rel=\"noopener\"><strong>Informe de actividades 2023<\/strong><\/a><\/p>\n<a href=\"https:\/\/asociacionlatinoamericanadeantropologia.net\/portal\/wp-content\/uploads\/2024\/03\/GT10-IA-2023.pdf\" class=\"pdfemb-viewer\" style=\"width:450px;height:580px;\" data-width=\"450\" data-height=\"580\" data-toolbar=\"both\" data-toolbar-fixed=\"on\">Informe GT Antropolog\u00eda de la Biopol\u00edtica Etnograf\u00edas Colaborativas 2023<\/a>\n<p>&nbsp;<\/p>\n<p>&nbsp;<\/p>\n","protected":false},"excerpt":{"rendered":"<p>El GT Antropolog\u00eda de la biopolitica: etnografias colaborativas es coordinado por Leticia Katzer Presentaci\u00f3n Este grupo se centra en torno a las siguientes l\u00edneas de investigaci\u00f3n: Poscolonialismo como movimiento intelectual y pol\u00edtico. Biopol\u00edticas en plural: distintas formas de teorizaci\u00f3n y pr\u00e1cticas etnogr\u00e1ficas. \u201cColaboraci\u00f3n\u201d como proceso de producci\u00f3n de saber. \u201cColaboraci\u00f3n\u201d como articulaci\u00f3n interinstitucional y proceso &hellip;<\/p>\n<p class=\"read-more\"> <a class=\"\" href=\"https:\/\/asociacionlatinoamericanadeantropologia.net\/portal\/antropologia-de-la-biopolitica-etnografias-colaborativas\/\"> <span class=\"screen-reader-text\">GT Antropolog\u00eda de la biopol\u00edtica: etnograf\u00edas colaborativas<\/span> Leer m\u00e1s &raquo;<\/a><\/p>\n","protected":false},"author":2,"featured_media":0,"parent":0,"menu_order":0,"comment_status":"closed","ping_status":"closed","template":"","meta":{"site-sidebar-layout":"default","site-content-layout":"default","ast-main-header-display":"","ast-hfb-above-header-display":"","ast-hfb-below-header-display":"","ast-hfb-mobile-header-display":"","site-post-title":"","ast-breadcrumbs-content":"","ast-featured-img":"","footer-sml-layout":"","theme-transparent-header-meta":"default","adv-header-id-meta":"","stick-header-meta":"","header-above-stick-meta":"","header-main-stick-meta":"","header-below-stick-meta":"","footnotes":""},"categories":[8],"tags":[],"class_list":["post-688","page","type-page","status-publish","hentry","category-grupos-de-trabajo"],"_links":{"self":[{"href":"https:\/\/asociacionlatinoamericanadeantropologia.net\/portal\/wp-json\/wp\/v2\/pages\/688","targetHints":{"allow":["GET"]}}],"collection":[{"href":"https:\/\/asociacionlatinoamericanadeantropologia.net\/portal\/wp-json\/wp\/v2\/pages"}],"about":[{"href":"https:\/\/asociacionlatinoamericanadeantropologia.net\/portal\/wp-json\/wp\/v2\/types\/page"}],"author":[{"embeddable":true,"href":"https:\/\/asociacionlatinoamericanadeantropologia.net\/portal\/wp-json\/wp\/v2\/users\/2"}],"replies":[{"embeddable":true,"href":"https:\/\/asociacionlatinoamericanadeantropologia.net\/portal\/wp-json\/wp\/v2\/comments?post=688"}],"version-history":[{"count":10,"href":"https:\/\/asociacionlatinoamericanadeantropologia.net\/portal\/wp-json\/wp\/v2\/pages\/688\/revisions"}],"predecessor-version":[{"id":3574,"href":"https:\/\/asociacionlatinoamericanadeantropologia.net\/portal\/wp-json\/wp\/v2\/pages\/688\/revisions\/3574"}],"wp:attachment":[{"href":"https:\/\/asociacionlatinoamericanadeantropologia.net\/portal\/wp-json\/wp\/v2\/media?parent=688"}],"wp:term":[{"taxonomy":"category","embeddable":true,"href":"https:\/\/asociacionlatinoamericanadeantropologia.net\/portal\/wp-json\/wp\/v2\/categories?post=688"},{"taxonomy":"post_tag","embeddable":true,"href":"https:\/\/asociacionlatinoamericanadeantropologia.net\/portal\/wp-json\/wp\/v2\/tags?post=688"}],"curies":[{"name":"wp","href":"https:\/\/api.w.org\/{rel}","templated":true}]}}