{"id":696,"date":"2021-12-18T01:13:08","date_gmt":"2021-12-18T01:13:08","guid":{"rendered":"https:\/\/asociacionlatinoamericanadeantropologia.net\/portal\/?page_id=696"},"modified":"2024-07-23T17:30:36","modified_gmt":"2024-07-23T17:30:36","slug":"antropologia-do-estado-e-das-instituicoes","status":"publish","type":"page","link":"https:\/\/asociacionlatinoamericanadeantropologia.net\/portal\/antropologia-do-estado-e-das-instituicoes\/","title":{"rendered":"GT Antropologia do Estado e das Institui\u00e7\u00f5es"},"content":{"rendered":"<p>El GT Antropologia do Estado e das Institui\u00e7\u00f5es es coordinado por <a href=\"mailto:acslima@gmail.com\" target=\"_blank\" rel=\"noopener\">Antonio Carlos de Souza Lima<\/a><\/p>\n<p><strong>Presentaci\u00f3n<\/strong><\/p>\n<p>El espacio de trabajo que se propone, tiene un doble prop\u00f3sito. Por un lado la conformaci\u00f3n del GT pretende darle continuidad al di\u00e1logo que comenzamos a desarrollar hace 3 a\u00f1os, en la Reuni\u00f3n de Antropolog\u00eda del Mercosur del a\u00f1o 2015 (con el panel \u201cEtnizaci\u00f3n, (pos)colonialidad y biopol\u00edtica: abordajes geneal\u00f3gicos y etnogr\u00e1ficos\u201d) y que se continu\u00f3 a su vez en el II Congreso Internacional de Pueblos Ind\u00edgenas de Latinoam\u00e9rica (2016), en el III Congreso de Estudios poscoloniales (2016) (con la mesa de trabajo colonialidad, Estado y gubernamentalidad), en el Congreso Latinoamericano de Antropolog\u00eda en junio del 2017 (con el simposio \u201cAntropolog\u00eda de la biopol\u00edtica\u201d) y en la RAM del presente a\u00f1o (con el grupo de trabajo \u201cAntropolog\u00eda de la gubernamentalidad\u201d). De estos intercambios nos conformamos en red, que venimos a llamar Red Latinoamericana de Antropolog\u00eda de la Biopol\u00edtica. Por otro lado, brindarle a este di\u00e1logo y a esta continuidad de articulaci\u00f3n, una forma institucional con encuadre latinoamericano. Adem\u00e1s de haber participado de estos eventos, los integrantes del grupo cuentan con experiencia acreditada de investigaci\u00f3n en los problemas de la biopol\u00edtica y la gubernamentalidad.<\/p>\n<h3>Informes del GT<\/h3>\n<p><a href=\"https:\/\/asociacionlatinoamericanadeantropologia.net\/portal\/wp-content\/uploads\/2022\/10\/Informe-GT-Antropologia-do-Estado-e-das-Instituicoes.pdf\"><strong>Informe de actividades 2021-2022<\/strong><\/a><\/p>\n<a href=\"https:\/\/asociacionlatinoamericanadeantropologia.net\/portal\/wp-content\/uploads\/2022\/10\/Informe-GT-Antropologia-do-Estado-e-das-Instituicoes.pdf\" class=\"pdfemb-viewer\" style=\"width:450px;height:580px;\" data-width=\"450\" data-height=\"580\" data-toolbar=\"both\" data-toolbar-fixed=\"on\">Informe GT Antropologia do Estado e das Institui\u00e7\u00f5es<\/a>\n<p><a href=\"http:\/\/&lt;!-- PDF Embedder: Please provide an &quot;URL&quot; attribute in your shortcode. --&gt;\"><strong>Informe de actividades 2022-2023<\/strong><\/a><\/p>\n<a href=\"https:\/\/asociacionlatinoamericanadeantropologia.net\/portal\/wp-content\/uploads\/2024\/07\/2024.-Informes-GT-ALA-antropologia-do-Estado-e-das-Instituicoes-2023.pdf\" class=\"pdfemb-viewer\" style=\"width:450px;height:580px;\" data-width=\"450\" data-height=\"580\" data-toolbar=\"both\" data-toolbar-fixed=\"on\">2024. Informes GT ALA antropologia do Estado e das Institui\u00e7\u00f5es 2023<\/a>\n<p>&nbsp;<\/p>\n<p>&nbsp;<\/p>\n","protected":false},"excerpt":{"rendered":"<p>El GT Antropologia do Estado e das Institui\u00e7\u00f5es es coordinado por Antonio Carlos de Souza Lima Presentaci\u00f3n El espacio de trabajo que se propone, tiene un doble prop\u00f3sito. Por un lado la conformaci\u00f3n del GT pretende darle continuidad al di\u00e1logo que comenzamos a desarrollar hace 3 a\u00f1os, en la Reuni\u00f3n de Antropolog\u00eda del Mercosur del &hellip;<\/p>\n<p class=\"read-more\"> <a class=\"\" href=\"https:\/\/asociacionlatinoamericanadeantropologia.net\/portal\/antropologia-do-estado-e-das-instituicoes\/\"> <span class=\"screen-reader-text\">GT Antropologia do Estado e das Institui\u00e7\u00f5es<\/span> Leer m\u00e1s &raquo;<\/a><\/p>\n","protected":false},"author":2,"featured_media":0,"parent":0,"menu_order":0,"comment_status":"closed","ping_status":"closed","template":"","meta":{"site-sidebar-layout":"default","site-content-layout":"default","ast-main-header-display":"","ast-hfb-above-header-display":"","ast-hfb-below-header-display":"","ast-hfb-mobile-header-display":"","site-post-title":"","ast-breadcrumbs-content":"","ast-featured-img":"","footer-sml-layout":"","theme-transparent-header-meta":"default","adv-header-id-meta":"","stick-header-meta":"","header-above-stick-meta":"","header-main-stick-meta":"","header-below-stick-meta":"","footnotes":""},"categories":[8],"tags":[],"class_list":["post-696","page","type-page","status-publish","hentry","category-grupos-de-trabajo"],"_links":{"self":[{"href":"https:\/\/asociacionlatinoamericanadeantropologia.net\/portal\/wp-json\/wp\/v2\/pages\/696","targetHints":{"allow":["GET"]}}],"collection":[{"href":"https:\/\/asociacionlatinoamericanadeantropologia.net\/portal\/wp-json\/wp\/v2\/pages"}],"about":[{"href":"https:\/\/asociacionlatinoamericanadeantropologia.net\/portal\/wp-json\/wp\/v2\/types\/page"}],"author":[{"embeddable":true,"href":"https:\/\/asociacionlatinoamericanadeantropologia.net\/portal\/wp-json\/wp\/v2\/users\/2"}],"replies":[{"embeddable":true,"href":"https:\/\/asociacionlatinoamericanadeantropologia.net\/portal\/wp-json\/wp\/v2\/comments?post=696"}],"version-history":[{"count":8,"href":"https:\/\/asociacionlatinoamericanadeantropologia.net\/portal\/wp-json\/wp\/v2\/pages\/696\/revisions"}],"predecessor-version":[{"id":2184,"href":"https:\/\/asociacionlatinoamericanadeantropologia.net\/portal\/wp-json\/wp\/v2\/pages\/696\/revisions\/2184"}],"wp:attachment":[{"href":"https:\/\/asociacionlatinoamericanadeantropologia.net\/portal\/wp-json\/wp\/v2\/media?parent=696"}],"wp:term":[{"taxonomy":"category","embeddable":true,"href":"https:\/\/asociacionlatinoamericanadeantropologia.net\/portal\/wp-json\/wp\/v2\/categories?post=696"},{"taxonomy":"post_tag","embeddable":true,"href":"https:\/\/asociacionlatinoamericanadeantropologia.net\/portal\/wp-json\/wp\/v2\/tags?post=696"}],"curies":[{"name":"wp","href":"https:\/\/api.w.org\/{rel}","templated":true}]}}