{"id":699,"date":"2021-12-18T01:15:38","date_gmt":"2021-12-18T01:15:38","guid":{"rendered":"https:\/\/asociacionlatinoamericanadeantropologia.net\/portal\/?page_id=699"},"modified":"2024-03-26T14:35:51","modified_gmt":"2024-03-26T14:35:51","slug":"antropologia-das-emocoes","status":"publish","type":"page","link":"https:\/\/asociacionlatinoamericanadeantropologia.net\/portal\/antropologia-das-emocoes\/","title":{"rendered":"GT Antropologia das emo\u00e7\u00f5es | Antropolog\u00eda de las emociones"},"content":{"rendered":"<p>El GT Antropologia das emo\u00e7\u00f5es | Antropolog\u00eda de las emociones es coordinado por <a href=\"mailto:maikenas@yahoo.com.ar\" target=\"_blank\" rel=\"noopener\">Mariana Sirimarco<\/a> y <a href=\"mailto:mccoelho@bighost.com.br\" target=\"_blank\" rel=\"noopener\">Mar\u00eda Claudia Coelho<\/a><\/p>\n<p><strong>Presentaci\u00f3n<\/strong><\/p>\n<p>Esta proposta de Grupo de Trabalho toma por base o projeto \u201cCultura, Subjetividade e Emo\u00e7\u00f5es\u201d, desenvolvido no \u00e2mbito do Projeto de Internacionaliza\u00e7\u00e3o da Universidade do Estado do Rio de Janeiro com apoio do Edital CAPES PRINT (2018 &#8211; 2023) e. coordenado pela Profa. Maria Claudia Coelho (co-proponente deste Grupo de Trabalho).<\/p>\n<p>O projeto \u201cCultura, Subjetividade e Emo\u00e7\u00f5es\u201d tem por principal objetivo a forma\u00e7\u00e3o de uma Rede Iberoamericana em Antropolog\u00eda das Emo\u00e7\u00f5es (https:\/\/csemuerj.wixsite.com\/csem). Sua equipe \u00e9 formada por pesquisadores brasileiros, argentinos, portugueses e espanh\u00f3is de cinco Institui\u00e7\u00f5es: Universidade do Estado do Rio de Janeiro, Universidad de Buenos Aires, Instituto de Desarrollo Econ\u00f3mico y Social, ISCTE-IUL e Universidad de Barcelona.<\/p>\n<p>Para esta proposta de Grupo de Trabalho, somam-se aos pesquisadores do projeto \u201cCultura, Subjetividade e Emo\u00e7\u00f5es\u201d participantes de outras tr\u00eas Universidades brasileiras (Universidade Federal do Rio Grande do Sul \u2013 UFRGS -, Universidade Federal do Rio de Janeiro \u2013 UFRJ &#8211; e Universidade Federal de Juiz de Fora &#8211; UFJF), da Universidad Nacional Aut\u00f3noma do M\u00e9xico (UNAM) e da Johannes Gutenberg- University Mainz (Alemanha). O grupo, assim, \u00e9 composto por 19 pesquisadores de dez institui\u00e7\u00f5es de seis pa\u00edses (Brasil, Argentina, M\u00e9xico, Portugal, Espanha e Alemanha).<\/p>\n<p>Nestes dez anos de trabalho conjunto, exploramos, por meio de cursos, orienta\u00e7\u00f5es, atividades em reuni\u00f5es cient\u00edficas e publica\u00e7\u00f5es, os limites e possibilidades de constitui\u00e7\u00e3o das emo\u00e7\u00f5es como objeto da investiga\u00e7\u00e3o antropol\u00f3gica. Duas linhas mestras podem ser identificadas: (a) as emo\u00e7\u00f5es presentes em experi\u00eancias de \u00e1reas da vida associadas \u00e0s esferas da privacidade e da intimidade (tais como o corpo, a sexualidade ou a sa\u00fade\/doen\u00e7a) e (b) o trabalho pol\u00edtico das emo\u00e7\u00f5es em fen\u00f4menos da chamada \u201cesfera p\u00fablica\u201d, tais como a pol\u00edtica, o policiamento, a viol\u00eancia urbana, os movimentos sociais, as institui\u00e7\u00f5es e os universos profissionais. Um conceito, oriundo da antropolog\u00eda das emo\u00e7\u00f5es de matriz norte-americana, atravessa estas reflex\u00f5es: a ideia, proposta pelas antrop\u00f3logas Catherine Lutz e Lila Abu-Lughod, de que as emo\u00e7\u00f5es seriam dotadas de uma dimens\u00e3o micropol\u00edtica, entendida como uma capacidade de dramatizar, refor\u00e7ar e\/ou alterar rela\u00e7\u00f5es de poder e hierarquia.<\/p>\n<h3>Informes del GT<\/h3>\n<p><a href=\"https:\/\/asociacionlatinoamericanadeantropologia.net\/portal\/wp-content\/uploads\/2022\/10\/Informe-GT-Antropologia-de-la-Emociones.pdf\"><strong>Informe de actividades 2021-2022<\/strong><\/a><\/p>\n<a href=\"https:\/\/asociacionlatinoamericanadeantropologia.net\/portal\/wp-content\/uploads\/2022\/10\/Informe-GT-Antropologia-de-la-Emociones.pdf\" class=\"pdfemb-viewer\" style=\"width:450px;height:580px;\" data-width=\"450\" data-height=\"580\" data-toolbar=\"both\" data-toolbar-fixed=\"on\">Informe GT Antropolog\u00eda de la Emociones<\/a>\n","protected":false},"excerpt":{"rendered":"<p>El GT Antropologia das emo\u00e7\u00f5es | Antropolog\u00eda de las emociones es coordinado por Mariana Sirimarco y Mar\u00eda Claudia Coelho Presentaci\u00f3n Esta proposta de Grupo de Trabalho toma por base o projeto \u201cCultura, Subjetividade e Emo\u00e7\u00f5es\u201d, desenvolvido no \u00e2mbito do Projeto de Internacionaliza\u00e7\u00e3o da Universidade do Estado do Rio de Janeiro com apoio do Edital CAPES &hellip;<\/p>\n<p class=\"read-more\"> <a class=\"\" href=\"https:\/\/asociacionlatinoamericanadeantropologia.net\/portal\/antropologia-das-emocoes\/\"> <span class=\"screen-reader-text\">GT Antropologia das emo\u00e7\u00f5es | Antropolog\u00eda de las emociones<\/span> Leer m\u00e1s &raquo;<\/a><\/p>\n","protected":false},"author":2,"featured_media":0,"parent":0,"menu_order":0,"comment_status":"closed","ping_status":"closed","template":"","meta":{"site-sidebar-layout":"default","site-content-layout":"default","ast-main-header-display":"","ast-hfb-above-header-display":"","ast-hfb-below-header-display":"","ast-hfb-mobile-header-display":"","site-post-title":"","ast-breadcrumbs-content":"","ast-featured-img":"","footer-sml-layout":"","theme-transparent-header-meta":"default","adv-header-id-meta":"","stick-header-meta":"","header-above-stick-meta":"","header-main-stick-meta":"","header-below-stick-meta":"","footnotes":""},"categories":[8],"tags":[],"class_list":["post-699","page","type-page","status-publish","hentry","category-grupos-de-trabajo"],"_links":{"self":[{"href":"https:\/\/asociacionlatinoamericanadeantropologia.net\/portal\/wp-json\/wp\/v2\/pages\/699","targetHints":{"allow":["GET"]}}],"collection":[{"href":"https:\/\/asociacionlatinoamericanadeantropologia.net\/portal\/wp-json\/wp\/v2\/pages"}],"about":[{"href":"https:\/\/asociacionlatinoamericanadeantropologia.net\/portal\/wp-json\/wp\/v2\/types\/page"}],"author":[{"embeddable":true,"href":"https:\/\/asociacionlatinoamericanadeantropologia.net\/portal\/wp-json\/wp\/v2\/users\/2"}],"replies":[{"embeddable":true,"href":"https:\/\/asociacionlatinoamericanadeantropologia.net\/portal\/wp-json\/wp\/v2\/comments?post=699"}],"version-history":[{"count":10,"href":"https:\/\/asociacionlatinoamericanadeantropologia.net\/portal\/wp-json\/wp\/v2\/pages\/699\/revisions"}],"predecessor-version":[{"id":3593,"href":"https:\/\/asociacionlatinoamericanadeantropologia.net\/portal\/wp-json\/wp\/v2\/pages\/699\/revisions\/3593"}],"wp:attachment":[{"href":"https:\/\/asociacionlatinoamericanadeantropologia.net\/portal\/wp-json\/wp\/v2\/media?parent=699"}],"wp:term":[{"taxonomy":"category","embeddable":true,"href":"https:\/\/asociacionlatinoamericanadeantropologia.net\/portal\/wp-json\/wp\/v2\/categories?post=699"},{"taxonomy":"post_tag","embeddable":true,"href":"https:\/\/asociacionlatinoamericanadeantropologia.net\/portal\/wp-json\/wp\/v2\/tags?post=699"}],"curies":[{"name":"wp","href":"https:\/\/api.w.org\/{rel}","templated":true}]}}