{"id":701,"date":"2021-12-18T01:17:50","date_gmt":"2021-12-18T01:17:50","guid":{"rendered":"https:\/\/asociacionlatinoamericanadeantropologia.net\/portal\/?page_id=701"},"modified":"2024-03-26T14:16:30","modified_gmt":"2024-03-26T14:16:30","slug":"comunidades-futuros-y-utopias-en-latinoamerica","status":"publish","type":"page","link":"https:\/\/asociacionlatinoamericanadeantropologia.net\/portal\/comunidades-futuros-y-utopias-en-latinoamerica\/","title":{"rendered":"GT Comunidades, futuros y utop\u00edas en Latinoam\u00e9rica"},"content":{"rendered":"<p>El GT Comunidades, futuros y utop\u00edas en Latinoam\u00e9rica es coordinado por <a href=\"mailto:jserrano@unrn.edu.ar\" target=\"_blank\" rel=\"noopener\">Javier Serrano<\/a><\/p>\n<p><strong>Presentaci\u00f3n<\/strong><\/p>\n<p>El objetivo principal consiste en desarrollar e intensificar las interacciones y los debates de un grupo de trabajo en torno a la problem\u00e1tica compleja de las comunidades, los futuros y las utop\u00edas latinoamericanas.<\/p>\n<p>A partir de v\u00ednculos informales, desde inicios de 2020 un conjunto de investigadores e investigadoras de diferentes instituciones y pa\u00edses, entre los que se incluyen M\u00e9xico, Chile, Argentina y Honduras, comenzamos a dialogar en perspectiva antropol\u00f3gica en torno a la problem\u00e1tica de las comunidades, el futuro y las utop\u00edas en Latinoam\u00e9rica. Los di\u00e1logos conjugaron una multiplicidad de miradas y enfoques espec\u00edficos que sustentaron la discusi\u00f3n y crearon la convicci\u00f3n generalizada de que se trataba de un espacio particularmente propicio, que val\u00eda la pena promover y desarrollar con l\u00f3gica inclusiva y amplitud de criterio. Al tiempo que se retomaron en forma cr\u00edtica temas que pertenecen largamente a la tradici\u00f3n antropol\u00f3gica -las comunidades y las utop\u00edas-, se a\u00f1adieron crucialmente nuevas propuestas y reflexiones en torno al futuro como problema propiamente antropol\u00f3gico, un camino en verdad incipiente aunque prometedor. Luego de una serie de estimulantes encuentros virtuales previos, en el mes de noviembre de ese a\u00f1o se logr\u00f3 realizar en forma virtual un Seminario Internacional, que convoc\u00f3 a distinguidos investigadores vinculados por diferentes v\u00edas a esta conjunci\u00f3n tem\u00e1tica de inter\u00e9s com\u00fan. Se ha creado en modo preliminar la Red RIOCOMUN (Red de Investigaciones sobre Comunidades, Utop\u00edas y Futuros), que integra a este conjunto diverso de investigadores que aspira a formalizarse y crecer en forma articulada. A pesar de que la dimensi\u00f3n te\u00f3rica constituye una de las claves en el entramado de esta red, no se trata de un mero ejercicio de teorizaci\u00f3n sino que incluye el prop\u00f3sito expl\u00edcito de anudar las reflexiones y los debates con distintos problemas acuciantes concretos que observamos en nuestros contextos de investigaci\u00f3n a nivel local y regional, en busca de propuestas y alternativas de soluciones.<\/p>\n<h3>Informes del GT<\/h3>\n<p><a href=\"https:\/\/asociacionlatinoamericanadeantropologia.net\/portal\/wp-content\/uploads\/2022\/10\/Informe-GT-Antropologia-de-las-comunidades-los-futuros-y-las-utopias-en-Latinoamerica-1.pdf\"><strong>Informe de actividades 2021-2022<\/strong><\/a><\/p>\n<a href=\"https:\/\/asociacionlatinoamericanadeantropologia.net\/portal\/wp-content\/uploads\/2022\/10\/Informe-GT-Antropologia-de-las-comunidades-los-futuros-y-las-utopias-en-Latinoamerica-1.pdf\" class=\"pdfemb-viewer\" style=\"width:450px;height:580px;\" data-width=\"450\" data-height=\"580\" data-toolbar=\"both\" data-toolbar-fixed=\"on\">Informe GT Antropolog\u00eda de las comunidades, los futuros y las utop\u00edas en Latinoam\u00e9rica (1)<\/a>\n<p>&nbsp;<\/p>\n<p><a href=\"https:\/\/asociacionlatinoamericanadeantropologia.net\/portal\/wp-content\/uploads\/2024\/03\/GT16-IA-2023.pdf\" target=\"_blank\" rel=\"noopener\"><strong>Informe de actividades 2023<\/strong><\/a><\/p>\n<a href=\"https:\/\/asociacionlatinoamericanadeantropologia.net\/portal\/wp-content\/uploads\/2024\/03\/GT16-IA-2023.pdf\" class=\"pdfemb-viewer\" style=\"width:450px;height:580px;\" data-width=\"450\" data-height=\"580\" data-toolbar=\"both\" data-toolbar-fixed=\"on\">Informe GT Antropolog\u00eda de las comunidades, los futuros y las utop\u00edas en Latinoam\u00e9rica 2023<\/a>\n","protected":false},"excerpt":{"rendered":"<p>El GT Comunidades, futuros y utop\u00edas en Latinoam\u00e9rica es coordinado por Javier Serrano Presentaci\u00f3n El objetivo principal consiste en desarrollar e intensificar las interacciones y los debates de un grupo de trabajo en torno a la problem\u00e1tica compleja de las comunidades, los futuros y las utop\u00edas latinoamericanas. A partir de v\u00ednculos informales, desde inicios de &hellip;<\/p>\n<p class=\"read-more\"> <a class=\"\" href=\"https:\/\/asociacionlatinoamericanadeantropologia.net\/portal\/comunidades-futuros-y-utopias-en-latinoamerica\/\"> <span class=\"screen-reader-text\">GT Comunidades, futuros y utop\u00edas en Latinoam\u00e9rica<\/span> Leer m\u00e1s &raquo;<\/a><\/p>\n","protected":false},"author":2,"featured_media":0,"parent":0,"menu_order":0,"comment_status":"closed","ping_status":"closed","template":"","meta":{"site-sidebar-layout":"default","site-content-layout":"default","ast-main-header-display":"","ast-hfb-above-header-display":"","ast-hfb-below-header-display":"","ast-hfb-mobile-header-display":"","site-post-title":"","ast-breadcrumbs-content":"","ast-featured-img":"","footer-sml-layout":"","theme-transparent-header-meta":"default","adv-header-id-meta":"","stick-header-meta":"","header-above-stick-meta":"","header-main-stick-meta":"","header-below-stick-meta":"","footnotes":""},"categories":[8],"tags":[],"class_list":["post-701","page","type-page","status-publish","hentry","category-grupos-de-trabajo"],"_links":{"self":[{"href":"https:\/\/asociacionlatinoamericanadeantropologia.net\/portal\/wp-json\/wp\/v2\/pages\/701","targetHints":{"allow":["GET"]}}],"collection":[{"href":"https:\/\/asociacionlatinoamericanadeantropologia.net\/portal\/wp-json\/wp\/v2\/pages"}],"about":[{"href":"https:\/\/asociacionlatinoamericanadeantropologia.net\/portal\/wp-json\/wp\/v2\/types\/page"}],"author":[{"embeddable":true,"href":"https:\/\/asociacionlatinoamericanadeantropologia.net\/portal\/wp-json\/wp\/v2\/users\/2"}],"replies":[{"embeddable":true,"href":"https:\/\/asociacionlatinoamericanadeantropologia.net\/portal\/wp-json\/wp\/v2\/comments?post=701"}],"version-history":[{"count":9,"href":"https:\/\/asociacionlatinoamericanadeantropologia.net\/portal\/wp-json\/wp\/v2\/pages\/701\/revisions"}],"predecessor-version":[{"id":3582,"href":"https:\/\/asociacionlatinoamericanadeantropologia.net\/portal\/wp-json\/wp\/v2\/pages\/701\/revisions\/3582"}],"wp:attachment":[{"href":"https:\/\/asociacionlatinoamericanadeantropologia.net\/portal\/wp-json\/wp\/v2\/media?parent=701"}],"wp:term":[{"taxonomy":"category","embeddable":true,"href":"https:\/\/asociacionlatinoamericanadeantropologia.net\/portal\/wp-json\/wp\/v2\/categories?post=701"},{"taxonomy":"post_tag","embeddable":true,"href":"https:\/\/asociacionlatinoamericanadeantropologia.net\/portal\/wp-json\/wp\/v2\/tags?post=701"}],"curies":[{"name":"wp","href":"https:\/\/api.w.org\/{rel}","templated":true}]}}