{"id":703,"date":"2021-12-18T01:19:38","date_gmt":"2021-12-18T01:19:38","guid":{"rendered":"https:\/\/asociacionlatinoamericanadeantropologia.net\/portal\/?page_id=703"},"modified":"2024-03-26T14:18:44","modified_gmt":"2024-03-26T14:18:44","slug":"antropologias-feministas-y-de-genero","status":"publish","type":"page","link":"https:\/\/asociacionlatinoamericanadeantropologia.net\/portal\/antropologias-feministas-y-de-genero\/","title":{"rendered":"GT Antropolog\u00edas feministas y de g\u00e9nero"},"content":{"rendered":"<p>El GT Antropolog\u00edas feministas y de g\u00e9nero es coordinado por <a href=\"mailto:mpcs05@yahoo.com.mx\" target=\"_blank\" rel=\"noopener\">Martha Patricia Casta\u00f1eda<\/a><\/p>\n<p><strong>Presentaci\u00f3n<\/strong><\/p>\n<p>Este Grupo de Trabajo se propone, como objetivo general, compartir reflexiones y aportes construidos desde una geopol\u00edtica del conocimiento, posicionadas desde la antropolog\u00eda feminista latinoamericana y del Caribe. Asimismo, como objetivos espec\u00edficos buscamos a) generar un espacio de debate en torno a las convergencias y las tensiones entre la teor\u00eda antropol\u00f3gica y la teor\u00eda feminista; b) contribuir al reconocimiento de las aportaciones del pensamiento feminista a los distintos campos de la antropolog\u00eda, y c) consolidar la vinculaci\u00f3n entre colegas a partir de los distintos entrecruzamientos que se puedan dar a nivel latinoamericano y por regiones articuladas en torno a problem\u00e1ticas e intereses comunes.<\/p>\n<p>Por otra parte, el GT AFyG suscribe los principios \u00e9ticos de la antropolog\u00eda feminista, la perspectiva de inclusi\u00f3n y reconocimiento de la diversidad sexual y cultural, la pluralidad te\u00f3rica y pol\u00edtica de los feminismos, as\u00ed como el compromiso de aportar a una transformaci\u00f3n radical de las condiciones de desigualdad, sexismo, racismo y discriminaci\u00f3n que afectan a nuestras sociedades.<\/p>\n<p>&nbsp;<\/p>\n<h3>Informes del GT<\/h3>\n<p><a href=\"https:\/\/asociacionlatinoamericanadeantropologia.net\/portal\/wp-content\/uploads\/2024\/03\/GT17-IA-2023.pdf\" target=\"_blank\" rel=\"noopener\"><strong>Informe de actividades 2023<\/strong><\/a><\/p>\n<a href=\"https:\/\/asociacionlatinoamericanadeantropologia.net\/portal\/wp-content\/uploads\/2024\/03\/GT17-IA-2023.pdf\" class=\"pdfemb-viewer\" style=\"width:450px;height:580px;\" data-width=\"450\" data-height=\"580\" data-toolbar=\"both\" data-toolbar-fixed=\"on\">Informe GT Antropolog\u00edas feministas y de g\u00e9nero 2023<\/a>\n","protected":false},"excerpt":{"rendered":"<p>El GT Antropolog\u00edas feministas y de g\u00e9nero es coordinado por Martha Patricia Casta\u00f1eda Presentaci\u00f3n Este Grupo de Trabajo se propone, como objetivo general, compartir reflexiones y aportes construidos desde una geopol\u00edtica del conocimiento, posicionadas desde la antropolog\u00eda feminista latinoamericana y del Caribe. Asimismo, como objetivos espec\u00edficos buscamos a) generar un espacio de debate en torno &hellip;<\/p>\n<p class=\"read-more\"> <a class=\"\" href=\"https:\/\/asociacionlatinoamericanadeantropologia.net\/portal\/antropologias-feministas-y-de-genero\/\"> <span class=\"screen-reader-text\">GT Antropolog\u00edas feministas y de g\u00e9nero<\/span> Leer m\u00e1s &raquo;<\/a><\/p>\n","protected":false},"author":2,"featured_media":0,"parent":0,"menu_order":0,"comment_status":"closed","ping_status":"closed","template":"","meta":{"site-sidebar-layout":"default","site-content-layout":"default","ast-main-header-display":"","ast-hfb-above-header-display":"","ast-hfb-below-header-display":"","ast-hfb-mobile-header-display":"","site-post-title":"","ast-breadcrumbs-content":"","ast-featured-img":"","footer-sml-layout":"","theme-transparent-header-meta":"default","adv-header-id-meta":"","stick-header-meta":"","header-above-stick-meta":"","header-main-stick-meta":"","header-below-stick-meta":"","footnotes":""},"categories":[8],"tags":[],"class_list":["post-703","page","type-page","status-publish","hentry","category-grupos-de-trabajo"],"_links":{"self":[{"href":"https:\/\/asociacionlatinoamericanadeantropologia.net\/portal\/wp-json\/wp\/v2\/pages\/703","targetHints":{"allow":["GET"]}}],"collection":[{"href":"https:\/\/asociacionlatinoamericanadeantropologia.net\/portal\/wp-json\/wp\/v2\/pages"}],"about":[{"href":"https:\/\/asociacionlatinoamericanadeantropologia.net\/portal\/wp-json\/wp\/v2\/types\/page"}],"author":[{"embeddable":true,"href":"https:\/\/asociacionlatinoamericanadeantropologia.net\/portal\/wp-json\/wp\/v2\/users\/2"}],"replies":[{"embeddable":true,"href":"https:\/\/asociacionlatinoamericanadeantropologia.net\/portal\/wp-json\/wp\/v2\/comments?post=703"}],"version-history":[{"count":7,"href":"https:\/\/asociacionlatinoamericanadeantropologia.net\/portal\/wp-json\/wp\/v2\/pages\/703\/revisions"}],"predecessor-version":[{"id":3584,"href":"https:\/\/asociacionlatinoamericanadeantropologia.net\/portal\/wp-json\/wp\/v2\/pages\/703\/revisions\/3584"}],"wp:attachment":[{"href":"https:\/\/asociacionlatinoamericanadeantropologia.net\/portal\/wp-json\/wp\/v2\/media?parent=703"}],"wp:term":[{"taxonomy":"category","embeddable":true,"href":"https:\/\/asociacionlatinoamericanadeantropologia.net\/portal\/wp-json\/wp\/v2\/categories?post=703"},{"taxonomy":"post_tag","embeddable":true,"href":"https:\/\/asociacionlatinoamericanadeantropologia.net\/portal\/wp-json\/wp\/v2\/tags?post=703"}],"curies":[{"name":"wp","href":"https:\/\/api.w.org\/{rel}","templated":true}]}}