{"id":709,"date":"2021-12-18T01:24:14","date_gmt":"2021-12-18T01:24:14","guid":{"rendered":"https:\/\/asociacionlatinoamericanadeantropologia.net\/portal\/?page_id=709"},"modified":"2022-10-06T21:54:27","modified_gmt":"2022-10-06T21:54:27","slug":"antropologia-del-turismo","status":"publish","type":"page","link":"https:\/\/asociacionlatinoamericanadeantropologia.net\/portal\/antropologia-del-turismo\/","title":{"rendered":"GT Antropolog\u00eda del turismo"},"content":{"rendered":"<p>El GT Antropolog\u00eda del turismo es coordinado por <a href=\"mailto:cristina.oehmichen@gmail.com\" target=\"_blank\" rel=\"noopener\">Cristina Oehmichen Baz\u00e1n<\/a><\/p>\n<p><strong>Presentaci\u00f3n<\/strong><\/p>\n<p>La Antropolog\u00eda del Turismo tiene una trayectoria de 50 a\u00f1os en el mundo. Sin embargo, en Am\u00e9rica Latina y el Caribe a\u00fan son pocos los especialistas y grupos de trabajo que han enfocado sus esfuerzos en los fen\u00f3menos que vienen aparejados a esta industria global. Es por ello que a diferencia de otros temas, la Antropolog\u00eda del Turismo no cuenta con un n\u00famero elevado de miembros, como podr\u00edan tenerlo quienes trabajan fen\u00f3menos relacionados con la etnicidad, los derechos ind\u00edgenas, las relaciones de g\u00e9nero, el racismo, las relaciones inter\u00e9tnicas y otros m\u00e1s. No obstante, al analizar los procesos de turistificaci\u00f3n y las implicaciones de la mal llamada \u201cindustria sin chimeneas\u201d, emergen un conjunto de problemas complejos que interaccionan con los temas antes se\u00f1alados. As\u00ed, al analizar por ejemplo el mercado de trabajo y la precarizaci\u00f3n del empleo en el sector tur\u00edstico, es casi imposible no hablar de las relaciones de g\u00e9nero y de la feminizaci\u00f3n del trabajo. O bien, al referirnos a los procesos de turistificaci\u00f3n planetaria, es casi imposible no aludir a las diversas maneras en que los pueblos ind\u00edgenas y afrodescendientes son incorporados y\/o afectados en sus derechos, territorios, recursos naturales y simb\u00f3licos, por la expansi\u00f3n del turismo. En otras palabras, el turismo est\u00e1 atravesado por diversas pr\u00e1cticas sociales y expresiones simb\u00f3licas, que consideramos indispensable analizarlas desde una perspectiva antropol\u00f3gica, m\u00e1s a\u00fan en Am\u00e9rica Latina y el Caribe, regiones que han estado sujetas a la expansi\u00f3n tur\u00edstica globalizada.<\/p>\n<p>&nbsp;<\/p>\n","protected":false},"excerpt":{"rendered":"<p>El GT Antropolog\u00eda del turismo es coordinado por Cristina Oehmichen Baz\u00e1n Presentaci\u00f3n La Antropolog\u00eda del Turismo tiene una trayectoria de 50 a\u00f1os en el mundo. Sin embargo, en Am\u00e9rica Latina y el Caribe a\u00fan son pocos los especialistas y grupos de trabajo que han enfocado sus esfuerzos en los fen\u00f3menos que vienen aparejados a esta &hellip;<\/p>\n<p class=\"read-more\"> <a class=\"\" href=\"https:\/\/asociacionlatinoamericanadeantropologia.net\/portal\/antropologia-del-turismo\/\"> <span class=\"screen-reader-text\">GT Antropolog\u00eda del turismo<\/span> Leer m\u00e1s &raquo;<\/a><\/p>\n","protected":false},"author":1,"featured_media":0,"parent":0,"menu_order":0,"comment_status":"closed","ping_status":"closed","template":"","meta":{"site-sidebar-layout":"default","site-content-layout":"default","ast-main-header-display":"","ast-hfb-above-header-display":"","ast-hfb-below-header-display":"","ast-hfb-mobile-header-display":"","site-post-title":"","ast-breadcrumbs-content":"","ast-featured-img":"","footer-sml-layout":"","theme-transparent-header-meta":"default","adv-header-id-meta":"","stick-header-meta":"","header-above-stick-meta":"","header-main-stick-meta":"","header-below-stick-meta":"","footnotes":""},"categories":[8],"tags":[],"class_list":["post-709","page","type-page","status-publish","hentry","category-grupos-de-trabajo"],"_links":{"self":[{"href":"https:\/\/asociacionlatinoamericanadeantropologia.net\/portal\/wp-json\/wp\/v2\/pages\/709","targetHints":{"allow":["GET"]}}],"collection":[{"href":"https:\/\/asociacionlatinoamericanadeantropologia.net\/portal\/wp-json\/wp\/v2\/pages"}],"about":[{"href":"https:\/\/asociacionlatinoamericanadeantropologia.net\/portal\/wp-json\/wp\/v2\/types\/page"}],"author":[{"embeddable":true,"href":"https:\/\/asociacionlatinoamericanadeantropologia.net\/portal\/wp-json\/wp\/v2\/users\/1"}],"replies":[{"embeddable":true,"href":"https:\/\/asociacionlatinoamericanadeantropologia.net\/portal\/wp-json\/wp\/v2\/comments?post=709"}],"version-history":[{"count":8,"href":"https:\/\/asociacionlatinoamericanadeantropologia.net\/portal\/wp-json\/wp\/v2\/pages\/709\/revisions"}],"predecessor-version":[{"id":4103,"href":"https:\/\/asociacionlatinoamericanadeantropologia.net\/portal\/wp-json\/wp\/v2\/pages\/709\/revisions\/4103"}],"wp:attachment":[{"href":"https:\/\/asociacionlatinoamericanadeantropologia.net\/portal\/wp-json\/wp\/v2\/media?parent=709"}],"wp:term":[{"taxonomy":"category","embeddable":true,"href":"https:\/\/asociacionlatinoamericanadeantropologia.net\/portal\/wp-json\/wp\/v2\/categories?post=709"},{"taxonomy":"post_tag","embeddable":true,"href":"https:\/\/asociacionlatinoamericanadeantropologia.net\/portal\/wp-json\/wp\/v2\/tags?post=709"}],"curies":[{"name":"wp","href":"https:\/\/api.w.org\/{rel}","templated":true}]}}