{"id":715,"date":"2021-12-18T01:31:10","date_gmt":"2021-12-18T01:31:10","guid":{"rendered":"https:\/\/asociacionlatinoamericanadeantropologia.net\/portal\/?page_id=715"},"modified":"2022-06-20T13:27:09","modified_gmt":"2022-06-20T13:27:09","slug":"antropologias-precarizadas-investigacion-y-actividad-profesional","status":"publish","type":"page","link":"https:\/\/asociacionlatinoamericanadeantropologia.net\/portal\/antropologias-precarizadas-investigacion-y-actividad-profesional\/","title":{"rendered":"GT Antropolog\u00edas precarizadas, investigaci\u00f3n y actividad profesional"},"content":{"rendered":"<p>El GT Antropolog\u00edas precarizadas, investigaci\u00f3n y actividad profesional es coordinado por <a href=\"mailto:acarolc@gmail.com\" target=\"_blank\" rel=\"noopener\">Carolina Casta\u00f1eda Vargas<\/a><\/p>\n<p><strong>Presentaci\u00f3n<\/strong><\/p>\n<p>Este GT tiene por objetivo indagar sobre c\u00f3mo y de qu\u00e9 manera se relacionan antropolog\u00eda profesional en \u00e1mbitos laborales y antropolog\u00eda en y desde la academia. En concreto pretendemos abordar este objetivo a trav\u00e9s de tres ejes fundamentales:<\/p>\n<ol>\n<li>Indagar sobre la frecuencia y formas en que se presenta la relaci\u00f3n campo profesional &#8211; academia donde es la experiencia profesional la que enriquece el saber acad\u00e9mico y no al contrario. Incluyendo un rastreo detallado sobre la procedencia de las preguntas de tesis en posgrados en antropolog\u00eda y las fuentes de financiaci\u00f3n de las investigaciones.<\/li>\n<li>Comprender la precariedad de la pr\u00e1ctica investigativa que lleva a posibles investigadores a\u00a0vender su fuerza de trabajo y abandonar o nunca explorar la investigaci\u00f3n, y a la vez, la fuerza de la interpelaci\u00f3n profesional que hace que los trabajadores precarios vuelvan a la academia en busca de respuestas y con el \u00e1nimo de aumentar sus posibilidades de trabajos menos precarios.<\/li>\n<li>Analizar y clasificar el tipo de preguntas que generan las experiencias laborales y que algunas veces involucran la relaci\u00f3n antropolog\u00eda &#8211; empresas y casi siempre, la relaci\u00f3n antropolog\u00eda &#8211; Estado.<\/li>\n<\/ol>\n","protected":false},"excerpt":{"rendered":"<p>El GT Antropolog\u00edas precarizadas, investigaci\u00f3n y actividad profesional es coordinado por Carolina Casta\u00f1eda Vargas Presentaci\u00f3n Este GT tiene por objetivo indagar sobre c\u00f3mo y de qu\u00e9 manera se relacionan antropolog\u00eda profesional en \u00e1mbitos laborales y antropolog\u00eda en y desde la academia. En concreto pretendemos abordar este objetivo a trav\u00e9s de tres ejes fundamentales: Indagar sobre &hellip;<\/p>\n<p class=\"read-more\"> <a class=\"\" href=\"https:\/\/asociacionlatinoamericanadeantropologia.net\/portal\/antropologias-precarizadas-investigacion-y-actividad-profesional\/\"> <span class=\"screen-reader-text\">GT Antropolog\u00edas precarizadas, investigaci\u00f3n y actividad profesional<\/span> Leer m\u00e1s &raquo;<\/a><\/p>\n","protected":false},"author":2,"featured_media":0,"parent":0,"menu_order":0,"comment_status":"closed","ping_status":"closed","template":"","meta":{"site-sidebar-layout":"default","site-content-layout":"default","ast-main-header-display":"","ast-hfb-above-header-display":"","ast-hfb-below-header-display":"","ast-hfb-mobile-header-display":"","site-post-title":"","ast-breadcrumbs-content":"","ast-featured-img":"","footer-sml-layout":"","theme-transparent-header-meta":"default","adv-header-id-meta":"","stick-header-meta":"","header-above-stick-meta":"","header-main-stick-meta":"","header-below-stick-meta":"","footnotes":""},"categories":[8],"tags":[],"class_list":["post-715","page","type-page","status-publish","hentry","category-grupos-de-trabajo"],"_links":{"self":[{"href":"https:\/\/asociacionlatinoamericanadeantropologia.net\/portal\/wp-json\/wp\/v2\/pages\/715","targetHints":{"allow":["GET"]}}],"collection":[{"href":"https:\/\/asociacionlatinoamericanadeantropologia.net\/portal\/wp-json\/wp\/v2\/pages"}],"about":[{"href":"https:\/\/asociacionlatinoamericanadeantropologia.net\/portal\/wp-json\/wp\/v2\/types\/page"}],"author":[{"embeddable":true,"href":"https:\/\/asociacionlatinoamericanadeantropologia.net\/portal\/wp-json\/wp\/v2\/users\/2"}],"replies":[{"embeddable":true,"href":"https:\/\/asociacionlatinoamericanadeantropologia.net\/portal\/wp-json\/wp\/v2\/comments?post=715"}],"version-history":[{"count":5,"href":"https:\/\/asociacionlatinoamericanadeantropologia.net\/portal\/wp-json\/wp\/v2\/pages\/715\/revisions"}],"predecessor-version":[{"id":1914,"href":"https:\/\/asociacionlatinoamericanadeantropologia.net\/portal\/wp-json\/wp\/v2\/pages\/715\/revisions\/1914"}],"wp:attachment":[{"href":"https:\/\/asociacionlatinoamericanadeantropologia.net\/portal\/wp-json\/wp\/v2\/media?parent=715"}],"wp:term":[{"taxonomy":"category","embeddable":true,"href":"https:\/\/asociacionlatinoamericanadeantropologia.net\/portal\/wp-json\/wp\/v2\/categories?post=715"},{"taxonomy":"post_tag","embeddable":true,"href":"https:\/\/asociacionlatinoamericanadeantropologia.net\/portal\/wp-json\/wp\/v2\/tags?post=715"}],"curies":[{"name":"wp","href":"https:\/\/api.w.org\/{rel}","templated":true}]}}