{"id":717,"date":"2021-12-18T01:32:26","date_gmt":"2021-12-18T01:32:26","guid":{"rendered":"https:\/\/asociacionlatinoamericanadeantropologia.net\/portal\/?page_id=717"},"modified":"2024-03-26T14:26:20","modified_gmt":"2024-03-26T14:26:20","slug":"pueblos-indigenas-y-comunidades-afrodescendientes","status":"publish","type":"page","link":"https:\/\/asociacionlatinoamericanadeantropologia.net\/portal\/pueblos-indigenas-y-comunidades-afrodescendientes\/","title":{"rendered":"GT Pueblos ind\u00edgenas y comunidades afrodescendientes en procesos pol\u00edticos y jur\u00eddicos ante el Estado y los emprendedores privados: miradas desde Latinoam\u00e9rica y el Caribe"},"content":{"rendered":"<p>El GT Pueblos ind\u00edgenas y comunidades afrodescendientes en procesos pol\u00edticos y jur\u00eddicos ante el Estado y los emprendedores privados: miradas desde Latinoam\u00e9rica y el Caribe es coordinado por <a href=\"mailto:alexandrabar01@gmail.com\" target=\"_blank\" rel=\"noopener\">Alexandra Barbosa da Silva <\/a>y co coordinado por <span data-sheets-value=\"{&quot;1&quot;:2,&quot;2&quot;:&quot;Emmanuel de Almeida Farias J\u00fanior&quot;}\" data-sheets-userformat=\"{&quot;2&quot;:33563197,&quot;3&quot;:{&quot;1&quot;:0},&quot;5&quot;:{&quot;1&quot;:[{&quot;1&quot;:2,&quot;2&quot;:0,&quot;5&quot;:{&quot;1&quot;:2,&quot;2&quot;:0}},{&quot;1&quot;:0,&quot;2&quot;:0,&quot;3&quot;:3},{&quot;1&quot;:1,&quot;2&quot;:0,&quot;4&quot;:1}]},&quot;6&quot;:{&quot;1&quot;:[{&quot;1&quot;:2,&quot;2&quot;:0,&quot;5&quot;:{&quot;1&quot;:2,&quot;2&quot;:0}},{&quot;1&quot;:0,&quot;2&quot;:0,&quot;3&quot;:3},{&quot;1&quot;:1,&quot;2&quot;:0,&quot;4&quot;:1}]},&quot;7&quot;:{&quot;1&quot;:[{&quot;1&quot;:2,&quot;2&quot;:0,&quot;5&quot;:{&quot;1&quot;:2,&quot;2&quot;:0}},{&quot;1&quot;:0,&quot;2&quot;:0,&quot;3&quot;:3},{&quot;1&quot;:1,&quot;2&quot;:0,&quot;4&quot;:1}]},&quot;8&quot;:{&quot;1&quot;:[{&quot;1&quot;:2,&quot;2&quot;:0,&quot;5&quot;:{&quot;1&quot;:2,&quot;2&quot;:0}},{&quot;1&quot;:0,&quot;2&quot;:0,&quot;3&quot;:3},{&quot;1&quot;:1,&quot;2&quot;:0,&quot;4&quot;:1}]},&quot;12&quot;:0,&quot;16&quot;:11,&quot;28&quot;:1}\">Emmanuel de Almeida Farias J\u00fanior.<\/span><\/p>\n<p><strong>Presentaci\u00f3n<\/strong><\/p>\n<p>Nuestro prop\u00f3sito aqu\u00ed es constituir un espacio para agregar, una vez m\u00e1s y de manera ampliada y de m\u00e1s largo tiempo, a investigadores\/as que se orientan al estudio de las relaciones que involucran a pueblos ind\u00edgenas y comunidades afrodescendientes, agencias del Estado y\/u otras fuerzas pol\u00edticas en Latinoam\u00e9rica y el Caribe, desde determinados temas claves \u2013como territorio, derechos humanos, insurgencias y luchas por la autonom\u00eda, en el nuevo contexto transnacional de ataques contra los pueblos ind\u00edgenas y comunidades afrodescendientes.<\/p>\n<p>En este cuadro, una cuesti\u00f3n fundamental que se pone es la configuraci\u00f3n de los territorios de tales colectivos sociales y la gesti\u00f3n de estos mismos, as\u00ed como de sus recursos, en arenas de fuertes disputas, con marcadas asimetr\u00edas de poder. Los conflictos que de ah\u00ed vimos resultar remiten a la propia posibilidad del ejercicio de la autonom\u00eda, que gran parte de las leyes de los estados nacionales de la regi\u00f3n establecen. Nos vemos aqu\u00ed frente a procesos pol\u00edticos y jur\u00eddicos, que demandan nuestra atenci\u00f3n, busc\u00e1ndose enfocar las especificidades presentes en los marcos m\u00e1s amplios de estos procesos.<\/p>\n<p>Por lo tanto, intentase abarcar los efectos de doble mano que se producen, por ejemplo, a partir de emprendimientos extractivos (miner\u00eda, agua etc.) y de infraestructura (carreteras, ferrovias, hidroel\u00e9ctricas etc.), adem\u00e1s de la agroindustria, sobre los referidos pueblos y comunidades en cuesti\u00f3n, y sus modos de vivir. Las diferentes pr\u00e1cticas y estrategias de tales\u00a0colectivos para existir, garantizar el respecto de sus derechos, coexistiendo y respondiendo a tales efectos, son aspectos pensados como muy relevantes en el presente GT.<\/p>\n<p>Pretendemos desarrollar los debates con base en abordajes etnogr\u00e1ficos, trabajos de antropolog\u00eda jur\u00eddica y peritajes antropol\u00f3gicos (en procesos administrativos y\/o judiciales). De esta manera se buscar\u00e1 poner de relieve c\u00f3mo estas distintas modalidades hacen un puente entre las producciones acad\u00e9micas y el campo de la defensa de derechos, considerando las tensiones normativas entre los distintos marcos jur\u00eddicos involucrados.<\/p>\n<h3>Informes del GT<\/h3>\n<p><strong><a href=\"https:\/\/asociacionlatinoamericanadeantropologia.net\/portal\/wp-content\/uploads\/2022\/10\/INFORME-ANUAL-GT-PUEBLOS-INDIGENAS-y-COMUNIDADES-AFRODESCENDIENTES-EN-PROCESOS-POLITICOS-y-JURIDICOS-ANTE-EL-ESTADO-Y-LOS-EMPRENDEDORES-PRIVADOS.pdf\">Informe de actividades 2021-2022<\/a><\/strong><\/p>\n<a href=\"https:\/\/asociacionlatinoamericanadeantropologia.net\/portal\/wp-content\/uploads\/2022\/10\/INFORME-ANUAL-GT-PUEBLOS-INDIGENAS-y-COMUNIDADES-AFRODESCENDIENTES-EN-PROCESOS-POLITICOS-y-JURIDICOS-ANTE-EL-ESTADO-Y-LOS-EMPRENDEDORES-PRIVADOS.pdf\" class=\"pdfemb-viewer\" style=\"width:450px;height:580px;\" data-width=\"450\" data-height=\"580\" data-toolbar=\"both\" data-toolbar-fixed=\"on\">INFORME ANUAL GT PUEBLOS IND\u00cdGENAS y COMUNIDADES AFRODESCENDIENTES EN PROCESOS POL\u00cdTICOS y JUR\u00cdDICOS ANTE EL ESTADO Y LOS EMPRENDEDORES PRIVADOS<\/a>\n<p>&nbsp;<\/p>\n<p><a href=\"https:\/\/asociacionlatinoamericanadeantropologia.net\/portal\/wp-content\/uploads\/2024\/03\/GT24-IA-2023.pdf\" target=\"_blank\" rel=\"noopener\"><strong>Informe de actividades 2023<\/strong><\/a><\/p>\n<a href=\"https:\/\/asociacionlatinoamericanadeantropologia.net\/portal\/wp-content\/uploads\/2024\/03\/GT24-IA-2023.pdf\" class=\"pdfemb-viewer\" style=\"width:450px;height:580px;\" data-width=\"450\" data-height=\"580\" data-toolbar=\"both\" data-toolbar-fixed=\"on\">Informe anual del GT Pueblos ind\u00edgenas y comunidades afrodescendientes 2023<\/a>\n","protected":false},"excerpt":{"rendered":"<p>El GT Pueblos ind\u00edgenas y comunidades afrodescendientes en procesos pol\u00edticos y jur\u00eddicos ante el Estado y los emprendedores privados: miradas desde Latinoam\u00e9rica y el Caribe es coordinado por Alexandra Barbosa da Silva y co coordinado por Emmanuel de Almeida Farias J\u00fanior. Presentaci\u00f3n Nuestro prop\u00f3sito aqu\u00ed es constituir un espacio para agregar, una vez m\u00e1s y &hellip;<\/p>\n<p class=\"read-more\"> <a class=\"\" href=\"https:\/\/asociacionlatinoamericanadeantropologia.net\/portal\/pueblos-indigenas-y-comunidades-afrodescendientes\/\"> <span class=\"screen-reader-text\">GT Pueblos ind\u00edgenas y comunidades afrodescendientes en procesos pol\u00edticos y jur\u00eddicos ante el Estado y los emprendedores privados: miradas desde Latinoam\u00e9rica y el Caribe<\/span> Leer m\u00e1s &raquo;<\/a><\/p>\n","protected":false},"author":2,"featured_media":0,"parent":0,"menu_order":0,"comment_status":"closed","ping_status":"closed","template":"","meta":{"site-sidebar-layout":"default","site-content-layout":"default","ast-main-header-display":"","ast-hfb-above-header-display":"","ast-hfb-below-header-display":"","ast-hfb-mobile-header-display":"","site-post-title":"","ast-breadcrumbs-content":"","ast-featured-img":"","footer-sml-layout":"","theme-transparent-header-meta":"default","adv-header-id-meta":"","stick-header-meta":"","header-above-stick-meta":"","header-main-stick-meta":"","header-below-stick-meta":"","footnotes":""},"categories":[8],"tags":[],"class_list":["post-717","page","type-page","status-publish","hentry","category-grupos-de-trabajo"],"_links":{"self":[{"href":"https:\/\/asociacionlatinoamericanadeantropologia.net\/portal\/wp-json\/wp\/v2\/pages\/717","targetHints":{"allow":["GET"]}}],"collection":[{"href":"https:\/\/asociacionlatinoamericanadeantropologia.net\/portal\/wp-json\/wp\/v2\/pages"}],"about":[{"href":"https:\/\/asociacionlatinoamericanadeantropologia.net\/portal\/wp-json\/wp\/v2\/types\/page"}],"author":[{"embeddable":true,"href":"https:\/\/asociacionlatinoamericanadeantropologia.net\/portal\/wp-json\/wp\/v2\/users\/2"}],"replies":[{"embeddable":true,"href":"https:\/\/asociacionlatinoamericanadeantropologia.net\/portal\/wp-json\/wp\/v2\/comments?post=717"}],"version-history":[{"count":9,"href":"https:\/\/asociacionlatinoamericanadeantropologia.net\/portal\/wp-json\/wp\/v2\/pages\/717\/revisions"}],"predecessor-version":[{"id":3587,"href":"https:\/\/asociacionlatinoamericanadeantropologia.net\/portal\/wp-json\/wp\/v2\/pages\/717\/revisions\/3587"}],"wp:attachment":[{"href":"https:\/\/asociacionlatinoamericanadeantropologia.net\/portal\/wp-json\/wp\/v2\/media?parent=717"}],"wp:term":[{"taxonomy":"category","embeddable":true,"href":"https:\/\/asociacionlatinoamericanadeantropologia.net\/portal\/wp-json\/wp\/v2\/categories?post=717"},{"taxonomy":"post_tag","embeddable":true,"href":"https:\/\/asociacionlatinoamericanadeantropologia.net\/portal\/wp-json\/wp\/v2\/tags?post=717"}],"curies":[{"name":"wp","href":"https:\/\/api.w.org\/{rel}","templated":true}]}}