{"id":721,"date":"2021-12-18T01:34:12","date_gmt":"2021-12-18T01:34:12","guid":{"rendered":"https:\/\/asociacionlatinoamericanadeantropologia.net\/portal\/?page_id=721"},"modified":"2022-06-20T23:25:44","modified_gmt":"2022-06-20T23:25:44","slug":"antropologia-del-caribe","status":"publish","type":"page","link":"https:\/\/asociacionlatinoamericanadeantropologia.net\/portal\/antropologia-del-caribe\/","title":{"rendered":"GT Antropolog\u00eda del Caribe"},"content":{"rendered":"<p>El GT Antropolog\u00eda del Caribe es coordinado por <a href=\"mailto:Alfonso.montalvo@gmail.com\" target=\"_blank\" rel=\"noopener\">Juli\u00e1n Montalvo<\/a>\u00a0y Fidel Rodriguez. Correo electr\u00f3nico: <a href=\"mailto:antropologiasdelcaribe@gmail.com\" target=\"_blank\" rel=\"noopener\">antropologiasdelcaribe@gmail.com<\/a>. P\u00e1gina web: <a href=\"https:\/\/www.antropocaribe.ga\" target=\"_blank\" rel=\"noopener\">https:\/\/www.antropocaribe.ga<\/a><\/p>\n<p><strong>Presentaci\u00f3n<\/strong><\/p>\n<p align=\"justify\">Este Grupo de Trabajo surge como una iniciativa de la Asociaci\u00f3n Latinoamericana de Antropolog\u00eda (ALA) en conjunto con proyectos colectivos e indivualidades que vienen reflexionando sobre las Antropolog\u00edas del Caribe. Nos moviliza el inter\u00e9s por pensar las Antropolog\u00edas del Caribe m\u00e1s all\u00e1 de las fragmentaciones por criterios de lengua, religi\u00f3n y muy especialmente, por los l\u00edmites geogr\u00e1ficos e institucionales del Estado-Naci\u00f3n. El Grupo espera ser un espacio de encuentro para hacer Antropolog\u00edas del\/en\/desde\/para el Caribe.<\/p>\n","protected":false},"excerpt":{"rendered":"<p>El GT Antropolog\u00eda del Caribe es coordinado por Juli\u00e1n Montalvo\u00a0y Fidel Rodriguez. Correo electr\u00f3nico: antropologiasdelcaribe@gmail.com. P\u00e1gina web: https:\/\/www.antropocaribe.ga Presentaci\u00f3n Este Grupo de Trabajo surge como una iniciativa de la Asociaci\u00f3n Latinoamericana de Antropolog\u00eda (ALA) en conjunto con proyectos colectivos e indivualidades que vienen reflexionando sobre las Antropolog\u00edas del Caribe. Nos moviliza el inter\u00e9s por pensar &hellip;<\/p>\n<p class=\"read-more\"> <a class=\"\" href=\"https:\/\/asociacionlatinoamericanadeantropologia.net\/portal\/antropologia-del-caribe\/\"> <span class=\"screen-reader-text\">GT Antropolog\u00eda del Caribe<\/span> Leer m\u00e1s &raquo;<\/a><\/p>\n","protected":false},"author":2,"featured_media":0,"parent":0,"menu_order":0,"comment_status":"closed","ping_status":"closed","template":"","meta":{"site-sidebar-layout":"default","site-content-layout":"default","ast-main-header-display":"","ast-hfb-above-header-display":"","ast-hfb-below-header-display":"","ast-hfb-mobile-header-display":"","site-post-title":"","ast-breadcrumbs-content":"","ast-featured-img":"","footer-sml-layout":"","theme-transparent-header-meta":"default","adv-header-id-meta":"","stick-header-meta":"","header-above-stick-meta":"","header-main-stick-meta":"","header-below-stick-meta":"","footnotes":""},"categories":[8],"tags":[],"class_list":["post-721","page","type-page","status-publish","hentry","category-grupos-de-trabajo"],"_links":{"self":[{"href":"https:\/\/asociacionlatinoamericanadeantropologia.net\/portal\/wp-json\/wp\/v2\/pages\/721","targetHints":{"allow":["GET"]}}],"collection":[{"href":"https:\/\/asociacionlatinoamericanadeantropologia.net\/portal\/wp-json\/wp\/v2\/pages"}],"about":[{"href":"https:\/\/asociacionlatinoamericanadeantropologia.net\/portal\/wp-json\/wp\/v2\/types\/page"}],"author":[{"embeddable":true,"href":"https:\/\/asociacionlatinoamericanadeantropologia.net\/portal\/wp-json\/wp\/v2\/users\/2"}],"replies":[{"embeddable":true,"href":"https:\/\/asociacionlatinoamericanadeantropologia.net\/portal\/wp-json\/wp\/v2\/comments?post=721"}],"version-history":[{"count":6,"href":"https:\/\/asociacionlatinoamericanadeantropologia.net\/portal\/wp-json\/wp\/v2\/pages\/721\/revisions"}],"predecessor-version":[{"id":1922,"href":"https:\/\/asociacionlatinoamericanadeantropologia.net\/portal\/wp-json\/wp\/v2\/pages\/721\/revisions\/1922"}],"wp:attachment":[{"href":"https:\/\/asociacionlatinoamericanadeantropologia.net\/portal\/wp-json\/wp\/v2\/media?parent=721"}],"wp:term":[{"taxonomy":"category","embeddable":true,"href":"https:\/\/asociacionlatinoamericanadeantropologia.net\/portal\/wp-json\/wp\/v2\/categories?post=721"},{"taxonomy":"post_tag","embeddable":true,"href":"https:\/\/asociacionlatinoamericanadeantropologia.net\/portal\/wp-json\/wp\/v2\/tags?post=721"}],"curies":[{"name":"wp","href":"https:\/\/api.w.org\/{rel}","templated":true}]}}