{"id":818,"date":"2021-12-23T13:35:39","date_gmt":"2021-12-23T13:35:39","guid":{"rendered":"https:\/\/asociacionlatinoamericanadeantropologia.net\/portal\/?page_id=818"},"modified":"2024-07-07T20:21:39","modified_gmt":"2024-07-07T20:21:39","slug":"asociaciones-colegios-y-redes-afiliadas-a-ala","status":"publish","type":"page","link":"https:\/\/asociacionlatinoamericanadeantropologia.net\/portal\/asociaciones-colegios-y-redes-afiliadas-a-ala\/","title":{"rendered":"Asociaciones, Colegios y Redes Afiliadas a ALA"},"content":{"rendered":"<h1><span style=\"color: #000000;\"><strong>Asociaciones, Colegios y Redes Afiliadas a ALA<\/strong><\/span><\/h1>\n<p><a id=\"mapa\"><\/a><div class=\"map_wrapper\" id=\"map_wrapper_1616\">\n<div class=\"map_box\" style=\"max-width:2000px\">\n<div class=\"map_aspect_ratio\" style=\"padding-top:87%\" data-padding-top=\"87%\" data-padding-top-mobile=\"\">\n<div class=\"map_container\">\n<div class=\"map_render map_loading\" id=\"map_1616\"><\/div>\n<\/div>\n<\/div>\n<\/div>\n<\/div><\/p>\n<h2 id=\"argentina\"><span style=\"color: #000000;\"><strong><a id=\"argentina\"><\/a>ARGENTINA<\/strong><\/span><\/h2>\n<h3><span style=\"color: #000000;\">Colegio de Graduados en Antropolog\u00eda de la Rep\u00fablica de\u00a0Argentina (CGA)<\/span><\/h3>\n<p><span style=\"font-size: 12pt;\">P\u00e1gina web:\u00a0<a href=\"http:\/\/www.cgantropologia.org.ar\/\" target=\"_blank\" rel=\"noopener\">http:\/\/www.cgantropologia.org.ar<\/a><\/span><br \/>\n<span style=\"font-size: 12pt;\">Email:\u00a0<a href=\"mailto:info@cgantropologia.org.ar\">info@cgantropologia.org.ar<\/a><\/span><br \/>\n<span style=\"font-size: 12pt;\">Contacto:\u00a0<a href=\"http:\/\/www.asociacionlatinoamericanadeantropologia.net\/index.php\/icons\/www.cgantropologia.org.ar\/contacto\" target=\"_blank\" rel=\"noopener\">www.cgantropologia.org.ar\/contacto<\/a><\/span><br \/>\n<span style=\"font-size: 12pt;\">Facebook:\u00a0<a href=\"https:\/\/www.facebook.com\/cgantropologia\">https:\/\/www.facebook.com\/cgantropologia<\/a><\/span><br \/>\n<span style=\"font-size: 12pt;\">Twitter:\u00a0@CGAntropologia<\/span><\/p>\n<h3><span style=\"color: #000000;\">Revista PUBLICAR<\/span><\/h3>\n<p><span style=\"font-size: 12pt;\">P\u00e1gina web:\u00a0<a href=\"http:\/\/www.cgantropologia.org.ar\/publicar\/\" target=\"_blank\" rel=\"noopener\">http:\/\/www.cgantropologia.org.ar\/publicar\/<\/a><\/span><br \/>\n<span style=\"font-size: 12pt;\">Email:\u00a0<a href=\"mailto:publicar@cgantropologia.org.ar\">publicar@cgantropologia.org.ar<\/a><\/span><\/p>\n<h3><span style=\"color: #000000;\">Ciclo Trayectorias<\/span><\/h3>\n<p><span style=\"font-size: 12pt;\">Vimeo: <a href=\"https:\/\/vimeo.com\/user2101895\">https:\/\/vimeo.com\/user2101895<\/a><\/span><\/p>\n<h3><span style=\"color: #000000;\">Asociaci\u00f3n de Antropolog\u00eda de Rosario (AAR)<\/span><\/h3>\n<p><span style=\"font-size: 12pt;\">Email:<a href=\"mailto:asociacionantroporosario@gmail.com\">\u00a0asociacionantroporosario@gmail.com<\/a><\/span><br \/>\n<span style=\"font-size: 12pt;\">Facebook: Aar Asoc Antropologia Rosario\u00a0<\/span><br \/>\n<span style=\"font-size: 12pt;\">Instagram: @AARcomunica<\/span><br \/>\n<span style=\"font-size: 12pt;\">N\u00famero telef\u00f3nico:\u00a0Ver\u00f3nica L\u00f3pez Tessore: +54 9 3413067926 (Presidenta)\u00a0\/ Licia Mar\u00eda\u00a0Lilli:\u00a0+54 9 3413067286 (Secretaria)<\/span><\/p>\n<p><strong><a href=\"#mapa\"><span style=\"color: #000000;\">Regresar al mapa<\/span><\/a><\/strong><\/p>\n<h2 id=\"#brasil\"><span style=\"color: #000000;\"><strong><a id=\"brasil\"><\/a>BRASIL<\/strong><\/span><\/h2>\n<h4><span style=\"color: #000000;\">Associa\u00e7\u00e3o Brasileira de Antropologia (ABA)\/ Asociaci\u00f3n Brasilera de Antropolog\u00eda<\/span><\/h4>\n<p class=\"tm-article-content\"><span style=\"font-size: 12pt;\">P\u00e1gina web: <\/span><a style=\"font-size: 12pt; background-color: #ffffff;\" href=\"http:\/\/www.portal.abant.org.br\/\">http:\/\/www.portal.abant.org.br\/<\/a><br \/>\n<span style=\"font-size: 12pt;\">Email: <\/span><a href=\"mailto:aba@abant.org.br\">aba@abant.org.br<\/a><br \/>\n<span style=\"font-size: 12pt;\">Facebook:\u00a0<\/span><a style=\"font-size: 12pt; background-color: #ffffff;\" href=\"https:\/\/www.facebook.com\/ABA.antropologia\">https:\/\/www.facebook.com\/ABA.antropologia<\/a><br \/>\n<span style=\"font-size: 12pt;\">Instagram: <a href=\"https:\/\/www.instagram.com\/accounts\/login\/?next=\/aba_antropologia\/\">https:\/\/www.instagram.com\/accounts\/login\/?next=\/aba_antropologia\/<\/a><\/span><br \/>\n<span style=\"font-size: 12pt;\">Twitter:\u00a0@aba_ant<\/span><br \/>\n<span style=\"font-size: 12pt;\">YouTube:\u00a0<a href=\"https:\/\/www.youtube.com\/tvaba\">https:\/\/www.youtube.com\/tvaba<\/a><\/span><\/p>\n<h3><span style=\"color: #000000;\">Revista Vibrant (Virtual Brazilian Anthropology)<\/span><\/h3>\n<p><span style=\"font-size: 12pt;\">P\u00e1gina web:\u00a0<a href=\"http:\/\/www.vibrant.org.br\/\" target=\"_blank\" rel=\"noopener\">http:\/\/www.vibrant.org.br\/<\/a><\/span><br \/>\n<span style=\"font-size: 12pt;\">Email:<a href=\"mailto:vibrant.aba@gmail.com\">\u00a0vibrant.aba@gmail.com<\/a><\/span><\/p>\n<p><strong><a href=\"#mapa\"><span style=\"color: #000000;\">Regresar al mapa<\/span><\/a><\/strong><\/p>\n<h2 id=\"#centroamerica\"><span style=\"color: #000000;\"><strong><a id=\"centroamerica\"><\/a>CENTRO AM\u00c9RICA<\/strong><\/span><\/h2>\n<h3 class=\"tm-article-content\"><span style=\"color: #000000;\">Red Centroamericana de Antropolog\u00eda<\/span><\/h3>\n<p class=\"tm-article-content\">Facebook:\u00a0<a href=\"https:\/\/www.facebook.com\/RedCAntropologia\/\">https:\/\/www.facebook.com\/RedCAntropologia\/<\/a><\/p>\n<h3 class=\"tm-article-content\"><span style=\"color: #000000;\">Instituciones miembros<\/span><\/h3>\n<h4 class=\"tm-article-content\"><span style=\"color: #000000;\">Guatemala<\/span><\/h4>\n<ul>\n<li><span style=\"color: #000000; font-size: 12pt;\">Universidad de San Carlos de Guatemala<\/span><\/li>\n<li><span style=\"color: #000000; font-size: 12pt;\">Universidad del Valle de Guatemala<\/span><\/li>\n<\/ul>\n<h4><span style=\"color: #000000;\">Panam\u00e1<\/span><\/h4>\n<ul>\n<li><span style=\"font-size: 12pt;\">Universidad de Panam\u00e1<\/span><\/li>\n<li><span style=\"color: #000000; font-size: 12pt;\">Universidad Aut\u00f3noma de Chiriqu\u00ed<\/span><\/li>\n<\/ul>\n<h4><span style=\"color: #000000;\">El Salvador<\/span><\/h4>\n<div class=\"tm-article-content\">\n<ul>\n<li><span style=\"color: #000000;\">Universidad de El Salvador<\/span><\/li>\n<li><span style=\"color: #000000;\">Universidad Tecnol\u00f3gica de El Salvador<\/span><\/li>\n<li><span style=\"color: #000000;\">Universidad Dr. Jos\u00e9 Mat\u00edas Delgado<\/span><\/li>\n<\/ul>\n<h4><span style=\"color: #000000;\">Honduras<\/span><\/h4>\n<ul>\n<li><span style=\"color: #000000;\">Universidad Pedag\u00f3gica Nacional Francisco Moraz\u00e1n<\/span><\/li>\n<li><span style=\"color: #000000;\">Universidad Nacional Aut\u00f3noma de Honduras<\/span><\/li>\n<\/ul>\n<h4><span style=\"color: #000000;\">Nicaragua<\/span><\/h4>\n<ul>\n<li><span style=\"color: #000000;\">Universidad Nacional Aut\u00f3noma de Nicaragua<\/span><\/li>\n<\/ul>\n<h4><span style=\"color: #000000;\">Costa Rica<\/span><\/h4>\n<ul>\n<li><span style=\"color: #000000;\">Universidad de Costa Rica<\/span><\/li>\n<\/ul>\n<h4><span style=\"color: #000000;\">Belice<\/span><\/h4>\n<ul>\n<li><span style=\"color: #000000;\">National Institute of Culture and History<\/span><\/li>\n<\/ul>\n<h4><span style=\"color: #000000;\">M\u00e9xico<\/span><\/h4>\n<ul>\n<li><span style=\"color: #000000;\">Universidad Nacional Aut\u00f3noma de M\u00e9xico (UNAM)<\/span>\n<ul>\n<li><span style=\"color: #000000;\">Centro de Estudios Mayas (CEM)<\/span><\/li>\n<li><span style=\"color: #000000;\">Instituto de Investigaciones Antropol\u00f3gicas (IIA)<\/span><\/li>\n<li><span style=\"color: #000000;\">Centro de Investigaciones Multidisciplinarias sobre Chiapas y la Frontera Sur\u00a0(CIMSUR)<\/span><\/li>\n<li><span style=\"color: #000000;\">Centro Peninsular en Humanidades y Ciencias Sociales (CEPHCIS)<\/span><\/li>\n<li><span style=\"color: #000000;\">Centro de Estudios Antropol\u00f3gicos (CEA)<\/span><\/li>\n<\/ul>\n<\/li>\n<li><span style=\"color: #000000;\">Escuela Nacional de Antropolog\u00eda e Historia (ENAH)<\/span><\/li>\n<li><span style=\"color: #000000;\">Universidad de Quintana Roo<\/span><\/li>\n<li><span style=\"color: #000000;\">Universidad Aut\u00f3noma de Yucat\u00e1n<\/span><\/li>\n<li><span style=\"color: #000000;\">Universidad Veracruzana<\/span><\/li>\n<li><span style=\"color: #000000;\">Centro de Investigaciones y Estudios Superiores en Antropolog\u00eda Social<\/span><\/li>\n<li><span style=\"color: #000000;\">Universidad Aut\u00f3noma de Chiapas<\/span><\/li>\n<li><span style=\"color: #000000;\">Universidad de Ciencias y Artes de Chiapas<\/span><\/li>\n<\/ul>\n<\/div>\n<p><strong><a href=\"#mapa\"><span style=\"color: #000000;\">Regresar al mapa<\/span><\/a><\/strong><\/p>\n<h2><strong><a id=\"chile\"><\/a><span style=\"color: #000000;\">CHILE<\/span><\/strong><\/h2>\n<h3 class=\"tm-article-content\"><span style=\"color: #000000;\">Colegio de Antrop\u00f3logos de Chile A.G<\/span><\/h3>\n<p><span style=\"color: #000000; font-size: 12pt;\">P\u00e1gina web: <a href=\"http:\/\/www.colegioantropologos.cl\/\" target=\"_blank\" rel=\"noopener noreferrer\" data-saferedirecturl=\"https:\/\/www.google.com\/url?q=http:\/\/www.colegioantropologos.cl&amp;source=gmail&amp;ust=1653695701671000&amp;usg=AOvVaw3jgcIaV1roZR84S_HaZgTu\">www.colegioantropologos.cl<\/a><\/span><br \/>\n<span style=\"color: #000000; font-size: 12pt;\">Email: <a href=\"mailto:colegioantropologoschile@gmail.com\">colegioantropologoschile@<wbr \/>gmail.com<\/a><\/span><br \/>\n<span style=\"color: #000000; font-size: 12pt;\">Facebook:\u00a0<a style=\"color: #000000;\" href=\"https:\/\/www.facebook.com\/Colegio-de-Antrop%C3%B3logos-de-%20Chile-330399487508715\" target=\"_blank\" rel=\"noopener\">https:\/\/www.facebook.com\/Colegio-de-Antrop\u00f3logos-de-Chile-330399487508715\/<\/a><\/span><br \/>\n<span style=\"color: #000000; font-size: 12pt;\">Instagram: @colegioantropchile<\/span><br \/>\n<span style=\"color: #000000; font-size: 12pt;\">Twitter: @coantropologiac<\/span><\/p>\n<p><strong><a href=\"#mapa\"><span style=\"color: #000000;\">Regresar al mapa<\/span><\/a><\/strong><\/p>\n<h2><strong><a id=\"colombia\"><\/a><span style=\"color: #000000;\">COLOMBIA<\/span><\/strong><\/h2>\n<div class=\"tm-article-content\">\n<h3 class=\"tm-article-content\"><span style=\"color: #000000;\">Asociaci\u00f3n Colombiana de Antropolog\u00eda (ACANT)<\/span><\/h3>\n<p><span style=\"color: #000000;\">P\u00e1gina web:\u00a0<a style=\"color: #000000;\" href=\"http:\/\/acant.net\/\" target=\"_blank\" rel=\"noopener\">http:\/\/acant.net\/<\/a><\/span><br \/>\n<span style=\"color: #000000;\">Email:\u00a0<a style=\"color: #000000;\" href=\"mailto:asociacioncolombiantropologia@gmail.com?subject=Contacto\">asociacioncolombiantropologia@gmail.com<\/a><\/span><br \/>\n<span style=\"color: #000000;\">Facebook:\u00a0<a style=\"color: #000000;\" href=\"https:\/\/www.facebook.com\/AsociacionColombiadeAntropologia\/\" target=\"_blank\" rel=\"noopener\">https:\/\/www.facebook.com\/AsociacionColombiadeAntropologia\/<\/a><\/span><br \/>\n<span style=\"color: #000000;\">Tel\u00e9fono:\u00a0(+57)3118488119<\/span><\/p>\n<\/div>\n<p><strong><a href=\"#mapa\"><span style=\"color: #000000;\">Regresar al mapa<\/span><\/a><\/strong><\/p>\n<h2><span style=\"color: #000000;\"><strong><a id=\"ecuador\" style=\"color: #000000;\"><\/a>ECUADOR<\/strong><\/span><\/h2>\n<div class=\"tm-article-content\">\n<h3 class=\"tm-article-content\"><span style=\"color: #000000;\">Sociedad Ecuatoriana de Etnobiolog\u00eda<\/span><\/h3>\n<p class=\"tm-article-content\"><span style=\"color: #000000;\">P\u00e1gina web: <a href=\"https:\/\/congresoseeb.org\/\" target=\"_blank\" rel=\"noopener\">https:\/\/congresoseeb.org\/<\/a><\/span><br \/>\n<span style=\"color: #000000;\">Email: <a href=\"mailto:etnobiologiaecuador@gmail.com\">etnobiologiaecuador@gmail.com<\/a><\/span><br \/>\n<span style=\"color: #000000;\">Facebook:\u00a0<a style=\"color: #000000;\" href=\"https:\/\/www.facebook.com\/EtnobiologiaEc\" target=\"_blank\" rel=\"noopener\">https:\/\/www.facebook.com\/EtnobiologiaEc<\/a><\/span><br \/>\n<span style=\"color: #000000;\">Instagram: @etnobiologiaecuador<\/span><br \/>\n<span style=\"color: #000000;\">Twitter:<a style=\"color: #000000;\" href=\"http:\/\/twitter.com\/SEtnobiologia%C2%A0\" target=\"_blank\" rel=\"noopener\">@SEtnobiologia\u00a0<\/a><\/span><br \/>\n<span style=\"color: #000000;\">N\u00famero telef\u00f3nico:\u00a0(+593) 984004649<\/span><\/p>\n<\/div>\n<p><strong><a href=\"#mapa\"><span style=\"color: #000000;\">Regresar al mapa<\/span><\/a><\/strong><\/p>\n<h2><strong><a id=\"mexico\"><\/a><span style=\"color: #000000;\">M\u00c9XICO<\/span><\/strong><\/h2>\n<div class=\"tm-article-content\">\n<h3 class=\"tm-article-content\"><span style=\"color: #000000;\">Colegio de Etn\u00f3logos y Antrop\u00f3logos Sociales (CEAS) M\u00e9xico<\/span><\/h3>\n<p><span style=\"color: #000000;\">P\u00e1gina web: <a href=\"https:\/\/ceas.org.mx\" target=\"_blank\" rel=\"noopener\">https:\/\/ceas.org.mx<\/a><\/span><br \/>\n<span style=\"color: #000000;\">Email:\u00a0<a style=\"color: #000000;\" href=\"mailto:colegioetnologosyantropologos@gmail.com?subject=Contacto\">colegioetnologosyantropologos@gmail.com<\/a><\/span><br \/>\n<span style=\"color: #000000;\">Contacto:\u00a0<a style=\"color: #000000;\" href=\"https:\/\/ceasmexico.wordpress.com\/ceas\/contacto\/\" target=\"_blank\" rel=\"noopener\">https:\/\/ceasmexico.wordpress.com\/ceas\/contacto\/<\/a><\/span><br \/>\n<span style=\"color: #000000;\">Facebook:\u00a0<a style=\"color: #000000;\" href=\"https:\/\/www.facebook.com\/CEASenMexico\/\" target=\"_blank\" rel=\"noopener\">https:\/\/www.facebook.com\/CEASenMexico\/<\/a><\/span><br \/>\n<span style=\"color: #000000;\">Twitter:\u00a0<a style=\"color: #000000;\" href=\"https:\/\/twitter.com\/@CEASMx\" target=\"_blank\" rel=\"noopener\">@CEASMx<\/a><\/span><\/p>\n<\/div>\n<p><strong><a href=\"#mapa\"><span style=\"color: #000000;\">Regresar al mapa<\/span><\/a><\/strong><\/p>\n<h2><strong><a id=\"panama\"><\/a><span style=\"color: #000000;\">PANAM\u00c1<\/span><\/strong><\/h2>\n<div class=\"tm-article-content\">\n<h3 class=\"tm-article-content\"><span style=\"color: #000000;\">Asociaci\u00f3n de Antropolog\u00eda e Historia de Panam\u00e1<\/span><\/h3>\n<p><span style=\"color: #000000;\">P\u00e1gina web:\u00a0<a style=\"color: #000000;\" href=\"http:\/\/www.aahpanama.org\/\" target=\"_blank\" rel=\"noopener\">http:\/\/www.aahpanama.org<\/a><\/span><br \/>\n<span style=\"color: #000000;\">Email:\u00a0<a style=\"color: #000000;\" href=\"mailto:info@aahpanama.org?subject=Contacto\">info@aahpanama.org<\/a><\/span><br \/>\n<span style=\"color: #000000;\">Facebook:\u00a0<a style=\"color: #000000;\" href=\"https:\/\/www.facebook.com\/aahpanama\/\" target=\"_blank\" rel=\"noopener\">https:\/\/www.facebook.com\/aahpanama\/<\/a><\/span><br \/>\n<span style=\"color: #000000;\">Twitter e Instagram:\u00a0@aahpanama<\/span><\/p>\n<\/div>\n<p><strong><a href=\"#mapa\"><span style=\"color: #000000;\">Regresar al mapa<\/span><\/a><\/strong><\/p>\n<h2><strong><a id=\"paraguay\"><\/a><span style=\"color: #000000;\">PARAGUAY<\/span><\/strong><\/h2>\n<div class=\"tm-article-content\">\n<h3 class=\"tm-article-content\"><span style=\"color: #000000;\">Asociaci\u00f3n Paraguaya de Antropolog\u00eda (APyA)<\/span><\/h3>\n<p class=\"tm-article-content\"><span style=\"color: #000000;\">Email:\u00a0<a style=\"color: #000000;\" href=\"mailto:asoparaguayantropologia@gmail.com?subject=Contacto\">asoparaguayantropologia@gmail.com<\/a><\/span><br \/>\n<span style=\"color: #000000;\">Facebook:\u00a0<a style=\"color: #000000;\" href=\"https:\/\/www.facebook.com\/Asociaci%C3%B3n-Paraguaya-de-Antropolog%C3%ADa-1858126154286282\" target=\"_blank\" rel=\"noopener\">Asociaci\u00f3n-Paraguaya-de-Antropolog\u00eda<\/a><\/span><\/p>\n<\/div>\n<p><strong><a href=\"#mapa\"><span style=\"color: #000000;\">Regresar al mapa<\/span><\/a><\/strong><\/p>\n<h2><strong><a id=\"peru\"><\/a><span style=\"color: #000000;\">PER\u00da<\/span><\/strong><\/h2>\n<h3 class=\"tm-article-content\"><span style=\"color: #000000;\">Colegio Profesional de Antrop\u00f3logos del Per\u00fa<\/span><\/h3>\n<p>P\u00e1gina web:\u00a0<a href=\"https:\/\/www.cpap.org.pe\/\">https:\/\/www.cpap.org.pe\/<\/a><br \/>\nEmail: <a href=\"mailto:decano.nacional@cpap.org.pe\">decano.nacional@cpap.org.pe<\/a><br \/>\nFacebook:\u00a0<a href=\"https:\/\/www.facebook.com\/colegioantropologosdelperu\/\">https:\/\/www.facebook.com\/colegioantropologosdelperu\/<\/a><\/p>\n<p><strong><a href=\"#mapa\"><span style=\"color: #000000;\">Regresar al mapa<\/span><\/a><\/strong><\/p>\n<h2><strong><a id=\"uruguay\"><\/a><span style=\"color: #000000;\">URUGUAY<\/span><\/strong><\/h2>\n<h3><span style=\"color: #000000;\">Asociaci\u00f3n Uruguaya de Antropolog\u00eda Social (AUAS)<\/span><\/h3>\n<p class=\"tm-article-content\"><span style=\"color: #000000;\">P\u00e1gina web: <a style=\"color: #000000;\" href=\"http:\/\/www.auas.org.uy\/\" target=\"_blank\" rel=\"noopener\">http:\/\/www.auas.org.uy\/<\/a><\/span><br \/>\n<span style=\"color: #000000;\">Email:\u00a0<a style=\"color: #000000;\" href=\"mailto:auas.directiva@gmail.com?subject=Contacto\">auas.directiva@gmail.com<\/a><\/span><br \/>\n<span style=\"color: #000000;\">Facebook:\u00a0<a style=\"color: #000000;\" href=\"https:\/\/www.facebook.com\/Asociaci%C3%B3n-Uruguaya-de-Antropolog%C3%ADa-Social-y-Cultural-160354537309352\/\" target=\"_blank\" rel=\"noopener\">https:\/\/www.facebook.com\/Asociaci\u00f3n-Uruguaya-de-Antropolog\u00eda-Social-y-Cultural-160354537309352\/<\/a><\/span><br \/>\nInstagram: @auas_uy<br \/>\n<span style=\"color: #000000;\">Twitter:\u00a0<a style=\"color: #000000;\" href=\"https:\/\/twitter.com\/@AUAS2017\" target=\"_new\" rel=\"noopener\">@AUAS2017<\/a><\/span><\/p>\n<div class=\"tm-article-content\">\n<h3><span style=\"color: #000000;\">Revista Trama<\/span><\/h3>\n<p><span style=\"color: #000000;\">P\u00e1gina web:\u00a0<a style=\"color: #000000;\" href=\"http:\/\/www.auas.org.uy\/trama\/index.php\/Trama\" target=\"_blank\" rel=\"noopener\">http:\/\/www.auas.org.uy\/trama\/index.php\/Trama<\/a><\/span><br \/>\n<span style=\"color: #000000;\">Email:\u00a0<a style=\"color: #000000;\" href=\"mailto:revistatramauruguay@gmail.com?subject=Contacto\">revistatramauruguay@gmail.com<\/a><\/span><\/p>\n<\/div>\n<p><strong><a href=\"#mapa\"><span style=\"color: #000000;\">Regresar al mapa<\/span><\/a><\/strong><\/p>\n<h2><strong><a id=\"venezuela\"><\/a><span style=\"color: #000000;\">VENEZUELA<\/span><\/strong><\/h2>\n<div class=\"tm-article-content\">\n<h3 class=\"tm-article-content\"><span style=\"color: #000000;\">Red de Antropolog\u00edas del Sur<\/span><\/h3>\n<p class=\"tm-article-content\"><span style=\"color: #000000;\">P\u00e1gina web:\u00a0<a style=\"color: #000000;\" href=\"http:\/\/red.antropologiasdelsur.org\/\" target=\"_blank\" rel=\"noopener\">http:\/\/red.antropologiasdelsur.org<\/a><\/span><br \/>\n<span style=\"color: #000000;\">Email:\u00a0<a style=\"color: #000000;\" href=\"mailto:Redantropologiasdelsur.vzla@gmail.com?subject=Contacto\">Redantropologiasdelsur.vzla@gmail.com<\/a><\/span><br \/>\n<span style=\"color: #000000;\">Facebook:\u00a0<a style=\"color: #000000;\" href=\"https:\/\/www.facebook.com\/AntropologiasDelSur\/\" target=\"_blank\" rel=\"noopener\">https:\/\/www.facebook.com\/AntropologiasDelSur\/<\/a><\/span><br \/>\n<span style=\"color: #000000;\">Twitter:\u00a0<a style=\"color: #000000;\" href=\"https:\/\/twitter.com\/@AntropoDelSur\" target=\"_blank\" rel=\"noopener\">@AntropoDelSur<\/a><\/span><br \/>\n<span style=\"color: #000000;\">Tel\u00e9fono:\u00a0(0058)+426.557.77.94<\/span><\/p>\n<p><strong><a href=\"#mapa\"><span style=\"color: #000000;\">Regresar al mapa<\/span><\/a><\/strong><\/p>\n<\/div>\n","protected":false},"excerpt":{"rendered":"<p>Asociaciones, Colegios y Redes Afiliadas a ALA ARGENTINA Colegio de Graduados en Antropolog\u00eda de la Rep\u00fablica de\u00a0Argentina (CGA) P\u00e1gina web:\u00a0http:\/\/www.cgantropologia.org.ar Email:\u00a0info@cgantropologia.org.ar Contacto:\u00a0www.cgantropologia.org.ar\/contacto Facebook:\u00a0https:\/\/www.facebook.com\/cgantropologia Twitter:\u00a0@CGAntropologia Revista PUBLICAR P\u00e1gina web:\u00a0http:\/\/www.cgantropologia.org.ar\/publicar\/ Email:\u00a0publicar@cgantropologia.org.ar Ciclo Trayectorias Vimeo: https:\/\/vimeo.com\/user2101895 Asociaci\u00f3n de Antropolog\u00eda de Rosario (AAR) Email:\u00a0asociacionantroporosario@gmail.com Facebook: Aar Asoc Antropologia Rosario\u00a0 Instagram: @AARcomunica N\u00famero telef\u00f3nico:\u00a0Ver\u00f3nica L\u00f3pez Tessore: +54 9 3413067926 (Presidenta)\u00a0\/ &hellip;<\/p>\n<p class=\"read-more\"> <a class=\"\" href=\"https:\/\/asociacionlatinoamericanadeantropologia.net\/portal\/asociaciones-colegios-y-redes-afiliadas-a-ala\/\"> <span class=\"screen-reader-text\">Asociaciones, Colegios y Redes Afiliadas a ALA<\/span> Leer m\u00e1s &raquo;<\/a><\/p>\n","protected":false},"author":2,"featured_media":0,"parent":0,"menu_order":0,"comment_status":"closed","ping_status":"closed","template":"","meta":{"site-sidebar-layout":"default","site-content-layout":"default","ast-main-header-display":"","ast-hfb-above-header-display":"","ast-hfb-below-header-display":"","ast-hfb-mobile-header-display":"","site-post-title":"","ast-breadcrumbs-content":"","ast-featured-img":"","footer-sml-layout":"","theme-transparent-header-meta":"default","adv-header-id-meta":"","stick-header-meta":"","header-above-stick-meta":"","header-main-stick-meta":"","header-below-stick-meta":"","footnotes":""},"categories":[],"tags":[],"class_list":["post-818","page","type-page","status-publish","hentry"],"_links":{"self":[{"href":"https:\/\/asociacionlatinoamericanadeantropologia.net\/portal\/wp-json\/wp\/v2\/pages\/818","targetHints":{"allow":["GET"]}}],"collection":[{"href":"https:\/\/asociacionlatinoamericanadeantropologia.net\/portal\/wp-json\/wp\/v2\/pages"}],"about":[{"href":"https:\/\/asociacionlatinoamericanadeantropologia.net\/portal\/wp-json\/wp\/v2\/types\/page"}],"author":[{"embeddable":true,"href":"https:\/\/asociacionlatinoamericanadeantropologia.net\/portal\/wp-json\/wp\/v2\/users\/2"}],"replies":[{"embeddable":true,"href":"https:\/\/asociacionlatinoamericanadeantropologia.net\/portal\/wp-json\/wp\/v2\/comments?post=818"}],"version-history":[{"count":43,"href":"https:\/\/asociacionlatinoamericanadeantropologia.net\/portal\/wp-json\/wp\/v2\/pages\/818\/revisions"}],"predecessor-version":[{"id":3501,"href":"https:\/\/asociacionlatinoamericanadeantropologia.net\/portal\/wp-json\/wp\/v2\/pages\/818\/revisions\/3501"}],"wp:attachment":[{"href":"https:\/\/asociacionlatinoamericanadeantropologia.net\/portal\/wp-json\/wp\/v2\/media?parent=818"}],"wp:term":[{"taxonomy":"category","embeddable":true,"href":"https:\/\/asociacionlatinoamericanadeantropologia.net\/portal\/wp-json\/wp\/v2\/categories?post=818"},{"taxonomy":"post_tag","embeddable":true,"href":"https:\/\/asociacionlatinoamericanadeantropologia.net\/portal\/wp-json\/wp\/v2\/tags?post=818"}],"curies":[{"name":"wp","href":"https:\/\/api.w.org\/{rel}","templated":true}]}}