{"id":16,"date":"2018-07-15T12:58:14","date_gmt":"2018-07-15T15:58:14","guid":{"rendered":"http:\/\/asociacionlatinoamericanadeantropologia.net\/revista-plural\/?page_id=16"},"modified":"2022-05-19T23:02:39","modified_gmt":"2022-05-20T02:02:39","slug":"equipo-editorial","status":"publish","type":"page","link":"https:\/\/asociacionlatinoamericanadeantropologia.net\/revista-plural\/equipo-editorial\/","title":{"rendered":"Equipo Editorial"},"content":{"rendered":"<p><span style=\"color: #df4449;\">Hecho el Dep\u00f3sito de Ley<\/span><\/p>\n<p>ISSN: 2393-7483<br \/>\nISSN en l\u00ednea: 2393-7491<\/p>\n<p><span style=\"color: #df4449;\">Comisi\u00f3n Directiva de la ALA 2020-2023<\/span><\/p>\n<ul>\n<li>L\u00eda Ferrero (Presidenta \/ Colegio de Graduados\/as en Antropolog\u00eda-CGA de la Rep\u00fablica Argentina).<\/li>\n<li>Martha Patricia Casta\u00f1eda (Vicepresidenta \/ Colegio de Etn\u00f3logos y Antrop\u00f3logos Sociales, C.A.-CEAS, M\u00e9xico).<\/li>\n<li>Juli\u00e1n Montalvo (Secretario \/ Asociaci\u00f3n Colombiana de Antropolog\u00eda-ACANT).<\/li>\n<li>Betty Francia (Tesorera \/ Asociaci\u00f3n Uruguaya de Antropolog\u00eda Social-AUAS).<\/li>\n<\/ul>\n<p><strong>Vocales:<\/strong><\/p>\n<ul>\n<li>Annel Mej\u00edas Guiza (Red de Antropolog\u00edas del Sur, Venezuela).<\/li>\n<li>Catalina Campo Imbaquingo (Sociedad Ecuatoriana de Etnobiolog\u00eda).<\/li>\n<li>Cornelia Eckert (Associa\u00e7\u00e3o Brasileira de Antropologia-ABA).<\/li>\n<li>Gonzalo D\u00edaz Crovetto (Colegio de Antrop\u00f3logos\/as de Chile A.G.).<\/li>\n<li>Lizzet P\u00e9rez C\u00e1rdenas (CEAS, C.A.).<\/li>\n<li>Diana Lenton (CGA de la Rep\u00fablica Argentina).<\/li>\n<li>Ver\u00f3nica L\u00f3pez Tessore (Asociaci\u00f3n de Antropolog\u00eda de Rosario, Rep\u00fablica Argentina).<\/li>\n<\/ul>\n<p><span style=\"color: #df4449;\">Comisi\u00f3n Fiscal de la ALA 2020-2023<\/span><\/p>\n<ul>\n<li>Gemma Rojas (Colegio de Antrop\u00f3logos de Chile A.G.).<\/li>\n<li>Mar\u00eda Noel Curbelo (AUAS).<\/li>\n<li>Rosa Iraima Sulbar\u00e1n (Red de Antropolog\u00edas del Sur, Venezuela).<\/li>\n<li>Nicol\u00e1s Olivo Santoyo (CEAS).<\/li>\n<\/ul>\n<p><span style=\"color: #df4449;\">Equipo Editorial de la revista <strong><em>Plural. Antropolog\u00edas desde Am\u00e9rica Latina y del Caribe<\/em><\/strong><\/span><\/p>\n<p>Directora:<\/p>\n<ul>\n<li>Annel Mej\u00edas Guiza.<\/li>\n<\/ul>\n<p>Directora adjunta:<\/p>\n<ul>\n<li>Danielle Araujo.<\/li>\n<\/ul>\n<p><span style=\"color: #df4449;\">Comit\u00e9 Editorial<\/span><\/p>\n<ul>\n<li>Eduardo Restrepo (Asociaci\u00f3n Colombiana de Antropolog\u00eda \/ Pontificia Universidad Javeriana, Colombia).<\/li>\n<li>Cristina Oehmichen (Colegio de Etn\u00f3logos y Antrop\u00f3logos Sociales, CEAS \/ Instituto de Investigaciones Antropol\u00f3gicas, Universidad Nacional Aut\u00f3noma de M\u00e9xico, M\u00e9xico).<\/li>\n<li>Danielle Araujo (Universidad Federal de Integraci\u00f3n Latinoamericana, Brasil).<\/li>\n<li>Ricardo Fagoaga (Colegio de Etn\u00f3logos y Antrop\u00f3logos Sociales, CEAS, M\u00e9xico).<\/li>\n<li>Annel Mej\u00edas Guiza (Red de Antropolog\u00edas del Sur \/ Universidad de Los Andes, Venezuela).<\/li>\n<li>Gonzalo D\u00edaz Crovetto (Colegio de Antrop\u00f3logos de Chile A.G. \/ Universidad Cat\u00f3lica de Temuco, Chile).<\/li>\n<li>Gemma Rojas (Colegio de Antrop\u00f3logos de Chile A.G., Chile).<\/li>\n<li>Pablo Gatti (Asociaci\u00f3n Uruguaya de Antropolog\u00eda Social \/ Universidad de la Rep\u00fablica, Chile).<\/li>\n<\/ul>\n<p><span style=\"color: #df4449;\">Comit\u00e9 de Asesores\/as<\/span><\/p>\n<ul>\n<li>Arturo Escobar (Universidad de Carolina del Norte, Estados Unidos).<\/li>\n<li>Carlos Garma Navarro (Departamento de Antropolog\u00eda, Universidad Aut\u00f3noma Metropolitana, M\u00e9xico).<\/li>\n<li>Claudia Briones (investigadora independiente \/ Universidad de Buenos Aires \/ Universidad Nacional de R\u00edo Negro, Argentina).<\/li>\n<li>Esteban Emilio Mosonyi (Universidad Central de Venezuela, Venezuela).<\/li>\n<li>Francisca de la Maza (Pontificia Universidad Cat\u00f3lica de Chile, Chile).<\/li>\n<li>Giselle Chang (Universidad de Costa Rica, Costa Rica).<\/li>\n<li>Gustavo Lins-Ribeiro (Universidad Aut\u00f3noma Metropolitana-Lerma, M\u00e9xico).<\/li>\n<li>Jacqueline Clarac de Brice\u00f1o (Universidad de Los Andes, Venezuela).<\/li>\n<li>Mar\u00eda Teresa Sierra (Centro de Investigaciones y Estudios Superiores en Antropolog\u00eda Social-CIESAS, M\u00e9xico).<\/li>\n<li>Marie France Labrecque (Universit\u00e9 Laval, Qu\u00e9bec, Canad\u00e1).<\/li>\n<li>Myriam Jimeno (Centro de Estudios Sociales, Universidad Nacional de Colombia, Colombia).<\/li>\n<li>Rebecca Igreja (Universidad de Brasilia, Brasil).<\/li>\n<li>Rosana Guber (Instituto de Desarrollo Econ\u00f3mico y Social-IDES, Argentina).<\/li>\n<\/ul>\n<p><span style=\"color: #df4449;\">Diagramaci\u00f3n y dise\u00f1o<\/span><\/p>\n<ul>\n<li>Jos\u00e9 Gregorio V\u00e1squez (Red de Antropolog\u00edas del Sur \/ Universidad de Los Andes, Venezuela).<\/li>\n<\/ul>\n","protected":false},"excerpt":{"rendered":"<p>Hecho el Dep\u00f3sito de Ley ISSN: 2393-7483 ISSN en l\u00ednea: 2393-7491 Comisi\u00f3n Directiva de la ALA 2020-2023 L\u00eda Ferrero (Presidenta \/ Colegio de Graduados\/as en Antropolog\u00eda-CGA de la Rep\u00fablica Argentina). Martha Patricia Casta\u00f1eda (Vicepresidenta \/ Colegio de Etn\u00f3logos y Antrop\u00f3logos Sociales, C.A.-CEAS, M\u00e9xico). Juli\u00e1n Montalvo (Secretario \/ Asociaci\u00f3n Colombiana de Antropolog\u00eda-ACANT). Betty Francia (Tesorera \/ [&hellip;]<\/p>\n","protected":false},"author":1,"featured_media":0,"parent":0,"menu_order":0,"comment_status":"closed","ping_status":"closed","template":"","meta":{"_vp_format_video_url":"","_vp_image_focal_point":[]},"_links":{"self":[{"href":"https:\/\/asociacionlatinoamericanadeantropologia.net\/revista-plural\/wp-json\/wp\/v2\/pages\/16"}],"collection":[{"href":"https:\/\/asociacionlatinoamericanadeantropologia.net\/revista-plural\/wp-json\/wp\/v2\/pages"}],"about":[{"href":"https:\/\/asociacionlatinoamericanadeantropologia.net\/revista-plural\/wp-json\/wp\/v2\/types\/page"}],"author":[{"embeddable":true,"href":"https:\/\/asociacionlatinoamericanadeantropologia.net\/revista-plural\/wp-json\/wp\/v2\/users\/1"}],"replies":[{"embeddable":true,"href":"https:\/\/asociacionlatinoamericanadeantropologia.net\/revista-plural\/wp-json\/wp\/v2\/comments?post=16"}],"version-history":[{"count":10,"href":"https:\/\/asociacionlatinoamericanadeantropologia.net\/revista-plural\/wp-json\/wp\/v2\/pages\/16\/revisions"}],"predecessor-version":[{"id":802,"href":"https:\/\/asociacionlatinoamericanadeantropologia.net\/revista-plural\/wp-json\/wp\/v2\/pages\/16\/revisions\/802"}],"wp:attachment":[{"href":"https:\/\/asociacionlatinoamericanadeantropologia.net\/revista-plural\/wp-json\/wp\/v2\/media?parent=16"}],"curies":[{"name":"wp","href":"https:\/\/api.w.org\/{rel}","templated":true}]}}